{"id":635,"date":"2019-03-28T17:20:04","date_gmt":"2019-03-28T17:20:04","guid":{"rendered":"http:\/\/www.badbentheimerkulisse.de\/?page_id=635"},"modified":"2024-06-13T10:27:54","modified_gmt":"2024-06-13T08:27:54","slug":"spielzeit-2016-2017-die-12-geschworenen","status":"publish","type":"page","link":"https:\/\/www.badbentheimerkulisse.de\/index.php\/archiv-2\/spielzeit-2016-2017-die-12-geschworenen\/","title":{"rendered":"Spielzeit 2016 \/ 2017 &#8222;Die 12 Geschworenen&#8220;"},"content":{"rendered":"\t\t<div data-elementor-type=\"wp-page\" data-elementor-id=\"635\" class=\"elementor elementor-635\">\n\t\t\t\t\t\t<section class=\"elementor-section elementor-top-section elementor-element elementor-element-397b0158 elementor-section-boxed elementor-section-height-default elementor-section-height-default\" data-id=\"397b0158\" data-element_type=\"section\" data-e-type=\"section\">\n\t\t\t\t\t\t<div class=\"elementor-container elementor-column-gap-default\">\n\t\t\t\t\t<div class=\"elementor-column elementor-col-100 elementor-top-column elementor-element elementor-element-1cc39e9d\" data-id=\"1cc39e9d\" data-element_type=\"column\" data-e-type=\"column\">\n\t\t\t<div class=\"elementor-widget-wrap elementor-element-populated\">\n\t\t\t\t\t\t<div class=\"elementor-element elementor-element-4f58202b elementor-widget elementor-widget-text-editor\" data-id=\"4f58202b\" data-element_type=\"widget\" data-e-type=\"widget\" data-widget_type=\"text-editor.default\">\n\t\t\t\t<div class=\"elementor-widget-container\">\n\t\t\t\t\t\t\t\t\t<div id=\"pl-635\" class=\"panel-layout\">\n<div id=\"pg-635-0\" class=\"panel-grid panel-no-style\" data-style=\"{&quot;background_image_attachment&quot;:false,&quot;background_display&quot;:&quot;tile&quot;,&quot;cell_alignment&quot;:&quot;flex-start&quot;}\" data-color-label=\"2\">\n<div id=\"pgc-635-0-0\" class=\"panel-grid-cell\" data-style=\"{&quot;background_image_attachment&quot;:false,&quot;background_display&quot;:&quot;tile&quot;,&quot;vertical_alignment&quot;:&quot;stretch&quot;}\" data-weight=\"0.6\">\n<div id=\"panel-635-0-0-0\" class=\"so-panel widget widget_media_video panel-first-child panel-last-child\" data-index=\"0\" data-style=\"{&quot;background_image_attachment&quot;:false,&quot;background_display&quot;:&quot;tile&quot;}\"><p>[siteorigin_widget class=&#8220;WP_Widget_Media_Video&#8220;]<input type=\"hidden\" value=\"{&quot;instance&quot;:{&quot;attachment_id&quot;:0,&quot;url&quot;:&quot;http:\\\/\\\/youtu.be\\\/-q8_2GXUVEQ&quot;,&quot;title&quot;:&quot;&quot;,&quot;preload&quot;:&quot;metadata&quot;,&quot;loop&quot;:false,&quot;content&quot;:&quot;&quot;,&quot;mp4&quot;:&quot;&quot;,&quot;m4v&quot;:&quot;&quot;,&quot;webm&quot;:&quot;&quot;,&quot;ogv&quot;:&quot;&quot;,&quot;flv&quot;:&quot;&quot;,&quot;id&quot;:&quot;media_video-63510000&quot;,&quot;option_name&quot;:&quot;widget_media_video&quot;,&quot;so_sidebar_emulator_id&quot;:&quot;media_video-63510000&quot;},&quot;args&quot;:{&quot;before_widget&quot;:&quot;<\/p>\n<div id=\\&quot;panel-635-0-0-0\\&quot; class=\\&quot;so-panel widget widget_media_video panel-first-child panel-last-child\\&quot; data-index=\\&quot;0\\&quot; data-style=\\&quot;{&amp;quot;background_image_attachment&amp;quot;:false,&amp;quot;background_display&amp;quot;:&amp;quot;tile&amp;quot;}\\&quot; ><p>&quot;,&quot;after_widget&quot;:&quot;<\\\/div>&quot;,&quot;before_title&quot;:&quot;<\/p>\n<h3 class=\\&quot;widget-title\\&quot;>&quot;,&quot;after_title&quot;:&quot;<\\\/h3>&quot;,&quot;widget_id&quot;:&quot;widget-0-0-0&quot;}}&#8220;>[\/siteorigin_widget]<\/p><\/div>\n<\/div>\n<div id=\"pgc-635-0-1\" class=\"panel-grid-cell\" data-weight=\"0.4\">\n<div id=\"panel-635-0-1-0\" class=\"so-panel widget widget_text panel-first-child panel-last-child\" data-index=\"1\" data-style=\"{&quot;background_image_attachment&quot;:false,&quot;background_display&quot;:&quot;tile&quot;,&quot;font_color&quot;:&quot;#000000&quot;}\">\n<div class=\"panel-widget-style panel-widget-style-for-635-0-1-0\">\n<div class=\"textwidget\">\n<p>Kriminalst\u00fcck von Reginald Rose<\/p>\n<p>Spielzeit 2016\/17<\/p>\n<p><b>Regie<\/b>: Roland Heitz<\/p>\n<p align=\"left\"><b>Regieassistenz<\/b>: Paulina Koers<\/p>\n<\/div>\n<\/div>\n<\/div>\n<\/div>\n<\/div>\n<div id=\"pg-635-1\" class=\"panel-grid panel-no-style\" data-style=\"{&quot;background_image_attachment&quot;:false,&quot;background_display&quot;:&quot;tile&quot;,&quot;cell_alignment&quot;:&quot;flex-start&quot;}\">\n<div id=\"pgc-635-1-0\" class=\"panel-grid-cell\" data-weight=\"0.713\">\n<div id=\"panel-635-1-0-0\" class=\"so-panel widget widget_text panel-first-child panel-last-child\" data-index=\"2\" data-style=\"{&quot;background_image_attachment&quot;:false,&quot;background_display&quot;:&quot;tile&quot;,&quot;font_color&quot;:&quot;#000000&quot;}\">\n<div class=\"panel-widget-style panel-widget-style-for-635-1-0-0\">\n<div class=\"textwidget\">\n<p><b><span style=\"color: #ff9933;\">Die Personen und ihre Darsteller:<\/span><\/b><\/p>\n<\/div>\n<\/div>\n<\/div>\n<\/div>\n<div id=\"pgc-635-1-1\" class=\"panel-grid-cell\" data-weight=\"0.287\">\n<div id=\"panel-635-1-1-0\" class=\"so-panel widget widget_text panel-first-child panel-last-child\" data-index=\"3\" data-style=\"{&quot;background_image_attachment&quot;:false,&quot;background_display&quot;:&quot;tile&quot;}\">\n<div class=\"textwidget\">\n<p><span style=\"color: #ff9933;\"><b>Hinter den Kulissen:<\/b><\/span><\/p>\n<\/div>\n<\/div>\n<\/div>\n<\/div>\n<div id=\"pg-635-2\" class=\"panel-grid panel-no-style\" data-style=\"{&quot;background_image_attachment&quot;:false,&quot;background_display&quot;:&quot;tile&quot;,&quot;cell_alignment&quot;:&quot;flex-start&quot;}\" data-ratio=\"0.33333333\" data-ratio-direction=\"right\">\n<div id=\"pgc-635-2-0\" class=\"panel-grid-cell\" data-weight=\"0.27754345611123\">\n<div id=\"panel-635-2-0-0\" class=\"so-panel widget widget_text panel-first-child panel-last-child\" data-index=\"4\" data-style=\"{&quot;background_image_attachment&quot;:false,&quot;background_display&quot;:&quot;tile&quot;}\">\n<div class=\"textwidget\">\n<p><b>Obmann<\/b><\/p>\n<p><strong>Nr. 2<\/strong><\/p>\n<p><strong>Nr. 3<\/strong><\/p>\n<p><strong>Nr. 4<\/strong><\/p>\n<p><strong>Nr. 5<\/strong><\/p>\n<p><strong>Nr. 6<\/strong><\/p>\n<p><strong>Nr. 7<\/strong><\/p>\n<p><strong>Nr. 8<\/strong><\/p>\n<p><strong>Nr. 9<\/strong><\/p>\n<p><strong>Nr. 10<\/strong><\/p>\n<p><strong>Nr. 11<\/strong><\/p>\n<p><strong>Nr. 12<\/strong><\/p>\n<p><strong>Gerichtsdiener<\/strong><\/p>\n<p><strong>Stimme des Richters<\/strong><\/p>\n<\/div>\n<\/div>\n<\/div>\n<div id=\"pgc-635-2-1\" class=\"panel-grid-cell\" data-weight=\"0.43564808138882\">\n<div id=\"panel-635-2-1-0\" class=\"so-panel widget widget_text panel-first-child panel-last-child\" data-index=\"5\" data-style=\"{&quot;background_image_attachment&quot;:false,&quot;background_display&quot;:&quot;tile&quot;}\">\n<div class=\"textwidget\">\n<p>Frank Herms<\/p>\n<p>Gerd Hensen<\/p>\n<p>Ernst R. Schr\u00f6der<\/p>\n<p>Antje Arnink<\/p>\n<p>Simon Wehrmeyer<\/p>\n<p>Irmgard Schr\u00f6der<\/p>\n<p>Heiko Arnink<\/p>\n<p>Heinrich Kl\u00fcsener<\/p>\n<p>Paul Scholand<\/p>\n<p>Axel Sigwart<\/p>\n<p>Natalie Meiners \/ Uta Rosenski<\/p>\n<p>J\u00fcrgen Merkator<\/p>\n<p>J\u00fcrgen Iwinski<\/p>\n<p>Roland Heitz<\/p>\n<\/div>\n<\/div>\n<\/div>\n<div id=\"pgc-635-2-2\" class=\"panel-grid-cell\" data-weight=\"0.28680846249996\">\n<div id=\"panel-635-2-2-0\" class=\"so-panel widget widget_text panel-first-child panel-last-child\" data-index=\"6\" data-style=\"{&quot;background_image_attachment&quot;:false,&quot;background_display&quot;:&quot;tile&quot;}\">\n<div class=\"textwidget\">\n<p><b>B\u00fchnenbild: <\/b>Roland Heitz<\/p>\n<p><b>B\u00fchnenbau<\/b>: Carsten Benjack,Lea Gielians, J\u00fcrgen Iwinski,&nbsp; Heinrich Kl\u00fcsener, J\u00fcrgen Merkator, Christof Rosenski &amp; Ensemble<\/p>\n<p><b>Kost\u00fcme<\/b>: Ensemble<\/p>\n<p><b>Maske<\/b>: Bianca Arndt, Gundi Merkator<\/p>\n<p><b>Requisiten<\/b>: Rolf Benjack<\/p>\n<p><b>Tonaufnahmen: <\/b> Carsten Benjack<\/p>\n<p><b>Techn.Effekte<\/b>: Carsten Benjack<\/p>\n<p><b>B\u00fchnentechnik<\/b>: Carsten Benjack; Katrin Bomball, Hauke Scheffel<\/p>\n<p><strong>Empfang:<\/strong> Magret Winkelmann<\/p>\n<\/div>\n<\/div>\n<\/div>\n<\/div>\n<\/div>\t\t\t\t\t\t\t\t<\/div>\n\t\t\t\t<\/div>\n\t\t\t\t\t<\/div>\n\t\t<\/div>\n\t\t\t\t\t<\/div>\n\t\t<\/section>\n\t\t\t\t<\/div>\n\t\t","protected":false},"excerpt":{"rendered":"<p>[siteorigin_widget]<\/p>\n","protected":false},"author":1,"featured_media":0,"parent":1080,"menu_order":20,"comment_status":"closed","ping_status":"closed","template":"","meta":{"site-sidebar-layout":"default","site-content-layout":"","ast-site-content-layout":"default","site-content-style":"default","site-sidebar-style":"default","ast-global-header-display":"","ast-banner-title-visibility":"","ast-main-header-display":"","ast-hfb-above-header-display":"","ast-hfb-below-header-display":"","ast-hfb-mobile-header-display":"","site-post-title":"","ast-breadcrumbs-content":"","ast-featured-img":"","footer-sml-layout":"","ast-disable-related-posts":"","theme-transparent-header-meta":"","adv-header-id-meta":"","stick-header-meta":"","header-above-stick-meta":"","header-main-stick-meta":"","header-below-stick-meta":"","astra-migrate-meta-layouts":"default","ast-page-background-enabled":"default","ast-page-background-meta":{"desktop":{"background-color":"var(--ast-global-color-4)","background-image":"","background-repeat":"repeat","background-position":"center center","background-size":"auto","background-attachment":"scroll","background-type":"","background-media":"","overlay-type":"","overlay-color":"","overlay-opacity":"","overlay-gradient":""},"tablet":{"background-color":"","background-image":"","background-repeat":"repeat","background-position":"center center","background-size":"auto","background-attachment":"scroll","background-type":"","background-media":"","overlay-type":"","overlay-color":"","overlay-opacity":"","overlay-gradient":""},"mobile":{"background-color":"","background-image":"","background-repeat":"repeat","background-position":"center center","background-size":"auto","background-attachment":"scroll","background-type":"","background-media":"","overlay-type":"","overlay-color":"","overlay-opacity":"","overlay-gradient":""}},"ast-content-background-meta":{"desktop":{"background-color":"var(--ast-global-color-5)","background-image":"","background-repeat":"repeat","background-position":"center center","background-size":"auto","background-attachment":"scroll","background-type":"","background-media":"","overlay-type":"","overlay-color":"","overlay-opacity":"","overlay-gradient":""},"tablet":{"background-color":"var(--ast-global-color-5)","background-image":"","background-repeat":"repeat","background-position":"center center","background-size":"auto","background-attachment":"scroll","background-type":"","background-media":"","overlay-type":"","overlay-color":"","overlay-opacity":"","overlay-gradient":""},"mobile":{"background-color":"var(--ast-global-color-5)","background-image":"","background-repeat":"repeat","background-position":"center center","background-size":"auto","background-attachment":"scroll","background-type":"","background-media":"","overlay-type":"","overlay-color":"","overlay-opacity":"","overlay-gradient":""}},"footnotes":""},"class_list":["post-635","page","type-page","status-publish","hentry"],"_links":{"self":[{"href":"https:\/\/www.badbentheimerkulisse.de\/index.php\/wp-json\/wp\/v2\/pages\/635","targetHints":{"allow":["GET"]}}],"collection":[{"href":"https:\/\/www.badbentheimerkulisse.de\/index.php\/wp-json\/wp\/v2\/pages"}],"about":[{"href":"https:\/\/www.badbentheimerkulisse.de\/index.php\/wp-json\/wp\/v2\/types\/page"}],"author":[{"embeddable":true,"href":"https:\/\/www.badbentheimerkulisse.de\/index.php\/wp-json\/wp\/v2\/users\/1"}],"replies":[{"embeddable":true,"href":"https:\/\/www.badbentheimerkulisse.de\/index.php\/wp-json\/wp\/v2\/comments?post=635"}],"version-history":[{"count":0,"href":"https:\/\/www.badbentheimerkulisse.de\/index.php\/wp-json\/wp\/v2\/pages\/635\/revisions"}],"up":[{"embeddable":true,"href":"https:\/\/www.badbentheimerkulisse.de\/index.php\/wp-json\/wp\/v2\/pages\/1080"}],"wp:attachment":[{"href":"https:\/\/www.badbentheimerkulisse.de\/index.php\/wp-json\/wp\/v2\/media?parent=635"}],"curies":[{"name":"wp","href":"https:\/\/api.w.org\/{rel}","templated":true}]}}