{"id":2209,"date":"2024-06-13T13:24:14","date_gmt":"2024-06-13T11:24:14","guid":{"rendered":"https:\/\/www.badbentheimerkulisse.de\/?page_id=2209"},"modified":"2024-07-01T08:22:24","modified_gmt":"2024-07-01T06:22:24","slug":"tratsch-im-treppenhaus-2023-2024","status":"publish","type":"page","link":"https:\/\/www.badbentheimerkulisse.de\/index.php\/tratsch-im-treppenhaus-2023-2024\/","title":{"rendered":"Tratsch im Treppenhaus 2023\/2024"},"content":{"rendered":"\t\t<div data-elementor-type=\"wp-page\" data-elementor-id=\"2209\" class=\"elementor elementor-2209\">\n\t\t\t\t\t\t<section class=\"elementor-section elementor-top-section elementor-element elementor-element-33593f0 elementor-section-boxed elementor-section-height-default elementor-section-height-default\" data-id=\"33593f0\" data-element_type=\"section\" data-e-type=\"section\">\n\t\t\t\t\t\t<div class=\"elementor-container elementor-column-gap-default\">\n\t\t\t\t\t<div class=\"elementor-column elementor-col-50 elementor-top-column elementor-element elementor-element-94eeb75\" data-id=\"94eeb75\" data-element_type=\"column\" data-e-type=\"column\">\n\t\t\t<div class=\"elementor-widget-wrap elementor-element-populated\">\n\t\t\t\t\t\t<div class=\"elementor-element elementor-element-a537711 elementor-widget elementor-widget-image\" data-id=\"a537711\" data-element_type=\"widget\" data-e-type=\"widget\" data-widget_type=\"image.default\">\n\t\t\t\t<div class=\"elementor-widget-container\">\n\t\t\t\t\t\t\t\t\t\t\t\t\t\t\t<img fetchpriority=\"high\" decoding=\"async\" width=\"768\" height=\"1096\" src=\"https:\/\/www.badbentheimerkulisse.de\/wp-content\/uploads\/2024\/06\/BBK-Tratsch-.-Programm-1-2-768x1096.png\" class=\"attachment-medium_large size-medium_large wp-image-2473\" alt=\"\" srcset=\"https:\/\/www.badbentheimerkulisse.de\/wp-content\/uploads\/2024\/06\/BBK-Tratsch-.-Programm-1-2-768x1096.png 768w, https:\/\/www.badbentheimerkulisse.de\/wp-content\/uploads\/2024\/06\/BBK-Tratsch-.-Programm-1-2-210x300.png 210w, https:\/\/www.badbentheimerkulisse.de\/wp-content\/uploads\/2024\/06\/BBK-Tratsch-.-Programm-1-2-718x1024.png 718w, https:\/\/www.badbentheimerkulisse.de\/wp-content\/uploads\/2024\/06\/BBK-Tratsch-.-Programm-1-2.png 869w\" sizes=\"(max-width: 768px) 100vw, 768px\" \/>\t\t\t\t\t\t\t\t\t\t\t\t\t\t\t<\/div>\n\t\t\t\t<\/div>\n\t\t\t\t\t<\/div>\n\t\t<\/div>\n\t\t\t\t<div class=\"elementor-column elementor-col-50 elementor-top-column elementor-element elementor-element-bcf9809\" data-id=\"bcf9809\" data-element_type=\"column\" data-e-type=\"column\">\n\t\t\t<div class=\"elementor-widget-wrap elementor-element-populated\">\n\t\t\t\t\t\t<div class=\"elementor-element elementor-element-574d566 elementor-widget elementor-widget-text-editor\" data-id=\"574d566\" data-element_type=\"widget\" data-e-type=\"widget\" data-widget_type=\"text-editor.default\">\n\t\t\t\t<div class=\"elementor-widget-container\">\n\t\t\t\t\t\t\t\t\t<h2>Tratsch im Treppenhaus<\/h2><p>Eine Kom\u00f6die von Jens Exler<\/p><p>Spielzeit 2023\/2024<\/p><p><strong>Regie:<\/strong> Christoph Gottschalch<\/p><p><strong>Regieassistenz:<\/strong> Lara L\u00f6chtenb\u00f6rger<\/p>\t\t\t\t\t\t\t\t<\/div>\n\t\t\t\t<\/div>\n\t\t\t\t<div class=\"elementor-element elementor-element-7b5766f elementor-widget elementor-widget-text-editor\" data-id=\"7b5766f\" data-element_type=\"widget\" data-e-type=\"widget\" data-widget_type=\"text-editor.default\">\n\t\t\t\t<div class=\"elementor-widget-container\">\n\t\t\t\t\t\t\t\t\t<p>Es kann der Fr\u00f6mmste nicht in Frieden leben, wenn es dem b\u00f6sen Nachbarn nicht gef\u00e4llt, hei\u00dft es bei Schiller. \u2013 Und besonders die Bewohner des Mietshauses, die das zweifelhafte Vergn\u00fcgen haben, in direkter N\u00e4he zu Frau Meta Boldt zu wohnen, k\u00f6nnen den Wahrheitsgehalt dieses Satzes best\u00e4tigen. Denn Meta Boldt \u201ewacht\u201c gewisserma\u00dfen \u00fcber das Treppen-haus; sie meint es besonders gut mit ihren Mitbewohnern und l\u00e4sst sich deshalb nichts entgehen. So bleibt ihr auch nicht lange verborgen, dass Frau Knoop, die Nachbarin in der zweiten Etage, ein Zimmer untervermietet hat, was laut Mietvertrag strengstens verboten ist. Da muss man doch schleunigst den Hauswirt benachrichtigen und den anderen Nachbarn, den Steuerinspektor a. D. Brummer, den die laute Musik, die aus dem Zimmer der Untermieterin t\u00f6nt, doch wirklich in dem wohlverdienten Ruhestand st\u00f6ren muss. Meta Boldt erreicht zwar zun\u00e4chst, dass Hauswirt und Nachbar sich emp\u00f6ren und Frau Knoop in ihre Schranken weisen wollen, doch die junge Untermieterin verdreht den \u00e4lteren Herren gewaltig den Kopf und nimmt Ihnen so allen Wind aus den Segeln. Ihr allerdings verdreht der junge Mann den Kopf, der auch gegen das strenge Verbot im leeren Zimmer bei dem Herrn Steuerinspektor a.D. Brummer eingezogen ist. Ein feucht fr\u00f6hlicher Abend auf dem Bad Bentheimer Weinfest tr\u00e4gt vollends dazu bei, Frau Boldts fein gespanntes Netz aus Halbwahrheiten, L\u00fcgen und Fehldeutungen einzurei\u00dfen und die Hausgemeinschaft wieder ins Lot zu bringen.<\/p>\t\t\t\t\t\t\t\t<\/div>\n\t\t\t\t<\/div>\n\t\t\t\t\t<\/div>\n\t\t<\/div>\n\t\t\t\t\t<\/div>\n\t\t<\/section>\n\t\t\t\t<section class=\"elementor-section elementor-top-section elementor-element elementor-element-703e9c7 elementor-section-boxed elementor-section-height-default elementor-section-height-default\" data-id=\"703e9c7\" data-element_type=\"section\" data-e-type=\"section\">\n\t\t\t\t\t\t<div class=\"elementor-container elementor-column-gap-default\">\n\t\t\t\t\t<div class=\"elementor-column elementor-col-50 elementor-top-column elementor-element elementor-element-712355e\" data-id=\"712355e\" data-element_type=\"column\" data-e-type=\"column\">\n\t\t\t<div class=\"elementor-widget-wrap elementor-element-populated\">\n\t\t\t\t\t\t<div class=\"elementor-element elementor-element-627f0c2 elementor-widget elementor-widget-text-editor\" data-id=\"627f0c2\" data-element_type=\"widget\" data-e-type=\"widget\" data-widget_type=\"text-editor.default\">\n\t\t\t\t<div class=\"elementor-widget-container\">\n\t\t\t\t\t\t\t\t\t<h1 style=\"text-align: center; color: #444;\">Die Figuren und ihre Darsteller<\/h1>\t\t\t\t\t\t\t\t<\/div>\n\t\t\t\t<\/div>\n\t\t\t\t<div class=\"elementor-element elementor-element-e67dae4 elementor-widget elementor-widget-text-editor\" data-id=\"e67dae4\" data-element_type=\"widget\" data-e-type=\"widget\" data-settings=\"{&quot;_animation&quot;:&quot;none&quot;}\" data-widget_type=\"text-editor.default\">\n\t\t\t\t<div class=\"elementor-widget-container\">\n\t\t\t\t\t\t\t\t\t<div style=\"background-color: #fff; border-radius: 8px; box-shadow: 0 2px 4px rgba(0, 0, 0, 0.1); margin: 10px 0; padding: 10px; transition: transform 0.2s; max-width: 600px; margin-left: auto; margin-right: auto;\">\n<div style=\"font-size: 1.3em; margin-bottom: 5px; color: #0056b3;\">Meta Boldt<\/div>\n<div style=\"font-size: 1em; color: #555;\">Antje Arnink, Gerlind Bl\u00f6mers<\/div>\n<\/div>\t\t\t\t\t\t\t\t<\/div>\n\t\t\t\t<\/div>\n\t\t\t\t<div class=\"elementor-element elementor-element-82e24ec elementor-widget elementor-widget-text-editor\" data-id=\"82e24ec\" data-element_type=\"widget\" data-e-type=\"widget\" data-widget_type=\"text-editor.default\">\n\t\t\t\t<div class=\"elementor-widget-container\">\n\t\t\t\t\t\t\t\t\t<div style=\"background-color: #fff; border-radius: 8px; box-shadow: 0 2px 4px rgba(0, 0, 0, 0.1); margin: 10px 0; padding: 10px; transition: transform 0.2s; max-width: 600px; margin-left: auto; margin-right: auto;\"><div style=\"font-size: 1.3em; margin-bottom: 5px; color: #0056b3;\">Ewald Brummer<\/div><div style=\"font-size: 1em; color: #555;\">Ernst R. Schr\u00f6der<\/div><\/div>\t\t\t\t\t\t\t\t<\/div>\n\t\t\t\t<\/div>\n\t\t\t\t<div class=\"elementor-element elementor-element-6716887 elementor-widget elementor-widget-text-editor\" data-id=\"6716887\" data-element_type=\"widget\" data-e-type=\"widget\" data-widget_type=\"text-editor.default\">\n\t\t\t\t<div class=\"elementor-widget-container\">\n\t\t\t\t\t\t\t\t\t<div style=\"background-color: #fff; border-radius: 8px; box-shadow: 0 2px 4px rgba(0, 0, 0, 0.1); margin: 10px 0; padding: 10px; transition: transform 0.2s; max-width: 600px; margin-left: auto; margin-right: auto;\">\n    <div style=\"font-size: 1.3em; margin-bottom: 5px; color: #0056b3;\">Hanne Knoop<\/div>\n    <div style=\"font-size: 1em; color: #555;\">Jutta Poker, Irmgard Schr\u00f6der<\/div>\n<\/div>\n\t\t\t\t\t\t\t\t<\/div>\n\t\t\t\t<\/div>\n\t\t\t\t<div class=\"elementor-element elementor-element-c3d1465 elementor-widget elementor-widget-text-editor\" data-id=\"c3d1465\" data-element_type=\"widget\" data-e-type=\"widget\" data-widget_type=\"text-editor.default\">\n\t\t\t\t<div class=\"elementor-widget-container\">\n\t\t\t\t\t\t\t\t\t<div style=\"background-color: #fff; border-radius: 8px; box-shadow: 0 2px 4px rgba(0, 0, 0, 0.1); margin: 10px 0; padding: 10px; transition: transform 0.2s; max-width: 600px; margin-left: auto; margin-right: auto;\">\n    <div style=\"font-size: 1.3em; margin-bottom: 5px; color: #0056b3;\">Silke Seefeldt<\/div>\n    <div style=\"font-size: 1em; color: #555;\">Tamara Sch\u00f6lling, Svenja Meyer<\/div>\n<\/div>\n\t\t\t\t\t\t\t\t<\/div>\n\t\t\t\t<\/div>\n\t\t\t\t<div class=\"elementor-element elementor-element-e3a579a elementor-widget elementor-widget-text-editor\" data-id=\"e3a579a\" data-element_type=\"widget\" data-e-type=\"widget\" data-widget_type=\"text-editor.default\">\n\t\t\t\t<div class=\"elementor-widget-container\">\n\t\t\t\t\t\t\t\t\t<div style=\"background-color: #fff; border-radius: 8px; box-shadow: 0 2px 4px rgba(0, 0, 0, 0.1); margin: 10px 0; padding: 10px; transition: transform 0.2s; max-width: 600px; margin-left: auto; margin-right: auto;\">\n    <div style=\"font-size: 1.3em; margin-bottom: 5px; color: #0056b3;\">Markus Brummer<\/div>\n    <div style=\"font-size: 1em; color: #555;\">Malte Schr\u00f6der<\/div>\n<\/div>\n\t\t\t\t\t\t\t\t<\/div>\n\t\t\t\t<\/div>\n\t\t\t\t<div class=\"elementor-element elementor-element-8a6bcb3 elementor-widget elementor-widget-text-editor\" data-id=\"8a6bcb3\" data-element_type=\"widget\" data-e-type=\"widget\" data-widget_type=\"text-editor.default\">\n\t\t\t\t<div class=\"elementor-widget-container\">\n\t\t\t\t\t\t\t\t\t<div style=\"background-color: #fff; border-radius: 8px; box-shadow: 0 2px 4px rgba(0, 0, 0, 0.1); margin: 10px 0; padding: 10px; transition: transform 0.2s; max-width: 600px; margin-left: auto; margin-right: auto;\">\n<div style=\"font-size: 1.3em; margin-bottom: 5px; color: #0056b3;\">Bernhard Tramsen<\/div>\n<div style=\"font-size: 1em; color: #555;\">Heiko Arnink<\/div>\n<\/div>\t\t\t\t\t\t\t\t<\/div>\n\t\t\t\t<\/div>\n\t\t\t\t<div class=\"elementor-element elementor-element-13526f5 elementor-widget elementor-widget-text-editor\" data-id=\"13526f5\" data-element_type=\"widget\" data-e-type=\"widget\" data-widget_type=\"text-editor.default\">\n\t\t\t\t<div class=\"elementor-widget-container\">\n\t\t\t\t\t\t\t\t\t<div style=\"background-color: #fff; border-radius: 8px; box-shadow: 0 2px 4px rgba(0, 0, 0, 0.1); margin: 10px 0; padding: 10px; transition: transform 0.2s; max-width: 600px; margin-left: auto; margin-right: auto;\">\n    <div style=\"font-size: 1.3em; margin-bottom: 5px; color: #0056b3;\">Herr Seefeldt<\/div>\n    <div style=\"font-size: 1em; color: #555;\">Frank Herms, Axel Sigwart<\/div>\n<\/div>\n\t\t\t\t\t\t\t\t<\/div>\n\t\t\t\t<\/div>\n\t\t\t\t\t<\/div>\n\t\t<\/div>\n\t\t\t\t<div class=\"elementor-column elementor-col-50 elementor-top-column elementor-element elementor-element-238a746\" data-id=\"238a746\" data-element_type=\"column\" data-e-type=\"column\">\n\t\t\t<div class=\"elementor-widget-wrap elementor-element-populated\">\n\t\t\t\t\t\t<div class=\"elementor-element elementor-element-592678f elementor-widget elementor-widget-text-editor\" data-id=\"592678f\" data-element_type=\"widget\" data-e-type=\"widget\" data-widget_type=\"text-editor.default\">\n\t\t\t\t<div class=\"elementor-widget-container\">\n\t\t\t\t\t\t\t\t\t<h1 style=\"text-align: center; color: #444;\">Hinter den Kulissen<\/h1>\n\t\t\t\t\t\t\t\t<\/div>\n\t\t\t\t<\/div>\n\t\t\t\t<div class=\"elementor-element elementor-element-34a56a8 elementor-widget elementor-widget-text-editor\" data-id=\"34a56a8\" data-element_type=\"widget\" data-e-type=\"widget\" data-widget_type=\"text-editor.default\">\n\t\t\t\t<div class=\"elementor-widget-container\">\n\t\t\t\t\t\t\t\t\t<div style=\"background-color: #fff; border-radius: 8px; box-shadow: 0 2px 4px rgba(0, 0, 0, 0.1); margin: 10px 0; padding: 10px; transition: transform 0.2s; max-width: 600px; margin-left: auto; margin-right: auto;\"><div style=\"font-size: 1.3em; margin-bottom: 5px; color: #0056b3;\">B\u00fchnenbild<\/div><div style=\"font-size: 1em; color: #555;\">Christoph Gottschalch<\/div><\/div>\t\t\t\t\t\t\t\t<\/div>\n\t\t\t\t<\/div>\n\t\t\t\t<div class=\"elementor-element elementor-element-f35ab8e elementor-widget elementor-widget-text-editor\" data-id=\"f35ab8e\" data-element_type=\"widget\" data-e-type=\"widget\" data-widget_type=\"text-editor.default\">\n\t\t\t\t<div class=\"elementor-widget-container\">\n\t\t\t\t\t\t\t\t\t<div style=\"background-color: #fff; border-radius: 8px; box-shadow: 0 2px 4px rgba(0, 0, 0, 0.1); margin: 10px 0; padding: 10px; transition: transform 0.2s; max-width: 600px; margin-left: auto; margin-right: auto;\"><div style=\"font-size: 1.3em; margin-bottom: 5px; color: #0056b3;\">B\u00fchnenbau<\/div><div style=\"font-size: 1em; color: #555;\">Carsten Benjack, J\u00f6rg Benjack, J\u00fcrgen Iwinski, Heinrich Kl\u00fcsener, Christof Rosenski, J\u00fcrgen Merkator, Ensemble<\/div><\/div>\t\t\t\t\t\t\t\t<\/div>\n\t\t\t\t<\/div>\n\t\t\t\t<div class=\"elementor-element elementor-element-1fb3f74 elementor-widget elementor-widget-text-editor\" data-id=\"1fb3f74\" data-element_type=\"widget\" data-e-type=\"widget\" data-widget_type=\"text-editor.default\">\n\t\t\t\t<div class=\"elementor-widget-container\">\n\t\t\t\t\t\t\t\t\t<div style=\"background-color: #fff; border-radius: 8px; box-shadow: 0 2px 4px rgba(0, 0, 0, 0.1); margin: 10px 0; padding: 10px; transition: transform 0.2s; max-width: 600px; margin-left: auto; margin-right: auto;\"><div style=\"font-size: 1.3em; margin-bottom: 5px; color: #0056b3;\">Kost\u00fcme<\/div><div style=\"font-size: 1em; color: #555;\">Ensemble<\/div><\/div>\t\t\t\t\t\t\t\t<\/div>\n\t\t\t\t<\/div>\n\t\t\t\t<div class=\"elementor-element elementor-element-facf733 elementor-widget elementor-widget-text-editor\" data-id=\"facf733\" data-element_type=\"widget\" data-e-type=\"widget\" data-widget_type=\"text-editor.default\">\n\t\t\t\t<div class=\"elementor-widget-container\">\n\t\t\t\t\t\t\t\t\t<div style=\"background-color: #fff; border-radius: 8px; box-shadow: 0 2px 4px rgba(0, 0, 0, 0.1); margin: 10px 0; padding: 10px; transition: transform 0.2s; max-width: 600px; margin-left: auto; margin-right: auto;\"><div style=\"font-size: 1.3em; margin-bottom: 5px; color: #0056b3;\">Maske<\/div><div style=\"font-size: 1em; color: #555;\">Gundi Merkator<\/div><\/div>\t\t\t\t\t\t\t\t<\/div>\n\t\t\t\t<\/div>\n\t\t\t\t<div class=\"elementor-element elementor-element-5a40c81 elementor-widget elementor-widget-text-editor\" data-id=\"5a40c81\" data-element_type=\"widget\" data-e-type=\"widget\" data-widget_type=\"text-editor.default\">\n\t\t\t\t<div class=\"elementor-widget-container\">\n\t\t\t\t\t\t\t\t\t<div style=\"background-color: #fff; border-radius: 8px; box-shadow: 0 2px 4px rgba(0, 0, 0, 0.1); margin: 10px 0; padding: 10px; transition: transform 0.2s; max-width: 600px; margin-left: auto; margin-right: auto;\"><div style=\"font-size: 1.3em; margin-bottom: 5px; color: #0056b3;\">Requisiten<\/div><div style=\"font-size: 1em; color: #555;\">Ensemble<\/div><\/div>\t\t\t\t\t\t\t\t<\/div>\n\t\t\t\t<\/div>\n\t\t\t\t<div class=\"elementor-element elementor-element-da7b158 elementor-widget elementor-widget-text-editor\" data-id=\"da7b158\" data-element_type=\"widget\" data-e-type=\"widget\" data-widget_type=\"text-editor.default\">\n\t\t\t\t<div class=\"elementor-widget-container\">\n\t\t\t\t\t\t\t\t\t<div style=\"background-color: #fff; border-radius: 8px; box-shadow: 0 2px 4px rgba(0, 0, 0, 0.1); margin: 10px 0; padding: 10px; transition: transform 0.2s; max-width: 600px; margin-left: auto; margin-right: auto;\"><div style=\"font-size: 1.3em; margin-bottom: 5px; color: #0056b3;\">B\u00fchnentechnik<\/div><div style=\"font-size: 1em; color: #555;\">Carsten Benjak, Malte Ka\u00df, Katrin Bomball, Malte Dykstra<\/div><\/div>\t\t\t\t\t\t\t\t<\/div>\n\t\t\t\t<\/div>\n\t\t\t\t<div class=\"elementor-element elementor-element-b4a7307 elementor-widget elementor-widget-text-editor\" data-id=\"b4a7307\" data-element_type=\"widget\" data-e-type=\"widget\" data-widget_type=\"text-editor.default\">\n\t\t\t\t<div class=\"elementor-widget-container\">\n\t\t\t\t\t\t\t\t\t<div style=\"background-color: #fff; border-radius: 8px; box-shadow: 0 2px 4px rgba(0, 0, 0, 0.1); margin: 10px 0; padding: 10px; transition: transform 0.2s; max-width: 600px; margin-left: auto; margin-right: auto;\"><div style=\"font-size: 1.3em; margin-bottom: 5px; color: #0056b3;\">Empfang<\/div><div style=\"font-size: 1em; color: #555;\">Margret Winkelmann<\/div><\/div>\t\t\t\t\t\t\t\t<\/div>\n\t\t\t\t<\/div>\n\t\t\t\t\t<\/div>\n\t\t<\/div>\n\t\t\t\t\t<\/div>\n\t\t<\/section>\n\t\t\t\t<\/div>\n\t\t","protected":false},"excerpt":{"rendered":"<p>Tratsch im Treppenhaus Eine Kom\u00f6die von Jens Exler Spielzeit 2023\/2024 Regie: Christoph Gottschalch Regieassistenz: Lara L\u00f6chtenb\u00f6rger Es kann der Fr\u00f6mmste [&hellip;]<\/p>\n","protected":false},"author":2,"featured_media":0,"parent":0,"menu_order":0,"comment_status":"closed","ping_status":"closed","template":"","meta":{"site-sidebar-layout":"no-sidebar","site-content-layout":"","ast-site-content-layout":"full-width-container","site-content-style":"default","site-sidebar-style":"default","ast-global-header-display":"","ast-banner-title-visibility":"","ast-main-header-display":"","ast-hfb-above-header-display":"","ast-hfb-below-header-display":"","ast-hfb-mobile-header-display":"","site-post-title":"disabled","ast-breadcrumbs-content":"","ast-featured-img":"disabled","footer-sml-layout":"","ast-disable-related-posts":"","theme-transparent-header-meta":"","adv-header-id-meta":"","stick-header-meta":"","header-above-stick-meta":"","header-main-stick-meta":"","header-below-stick-meta":"","astra-migrate-meta-layouts":"default","ast-page-background-enabled":"default","ast-page-background-meta":{"desktop":{"background-color":"var(--ast-global-color-4)","background-image":"","background-repeat":"repeat","background-position":"center center","background-size":"auto","background-attachment":"scroll","background-type":"","background-media":"","overlay-type":"","overlay-color":"","overlay-opacity":"","overlay-gradient":""},"tablet":{"background-color":"","background-image":"","background-repeat":"repeat","background-position":"center center","background-size":"auto","background-attachment":"scroll","background-type":"","background-media":"","overlay-type":"","overlay-color":"","overlay-opacity":"","overlay-gradient":""},"mobile":{"background-color":"","background-image":"","background-repeat":"repeat","background-position":"center center","background-size":"auto","background-attachment":"scroll","background-type":"","background-media":"","overlay-type":"","overlay-color":"","overlay-opacity":"","overlay-gradient":""}},"ast-content-background-meta":{"desktop":{"background-color":"var(--ast-global-color-5)","background-image":"","background-repeat":"repeat","background-position":"center center","background-size":"auto","background-attachment":"scroll","background-type":"","background-media":"","overlay-type":"","overlay-color":"","overlay-opacity":"","overlay-gradient":""},"tablet":{"background-color":"var(--ast-global-color-5)","background-image":"","background-repeat":"repeat","background-position":"center center","background-size":"auto","background-attachment":"scroll","background-type":"","background-media":"","overlay-type":"","overlay-color":"","overlay-opacity":"","overlay-gradient":""},"mobile":{"background-color":"var(--ast-global-color-5)","background-image":"","background-repeat":"repeat","background-position":"center center","background-size":"auto","background-attachment":"scroll","background-type":"","background-media":"","overlay-type":"","overlay-color":"","overlay-opacity":"","overlay-gradient":""}},"footnotes":""},"class_list":["post-2209","page","type-page","status-publish","hentry"],"_links":{"self":[{"href":"https:\/\/www.badbentheimerkulisse.de\/index.php\/wp-json\/wp\/v2\/pages\/2209","targetHints":{"allow":["GET"]}}],"collection":[{"href":"https:\/\/www.badbentheimerkulisse.de\/index.php\/wp-json\/wp\/v2\/pages"}],"about":[{"href":"https:\/\/www.badbentheimerkulisse.de\/index.php\/wp-json\/wp\/v2\/types\/page"}],"author":[{"embeddable":true,"href":"https:\/\/www.badbentheimerkulisse.de\/index.php\/wp-json\/wp\/v2\/users\/2"}],"replies":[{"embeddable":true,"href":"https:\/\/www.badbentheimerkulisse.de\/index.php\/wp-json\/wp\/v2\/comments?post=2209"}],"version-history":[{"count":0,"href":"https:\/\/www.badbentheimerkulisse.de\/index.php\/wp-json\/wp\/v2\/pages\/2209\/revisions"}],"wp:attachment":[{"href":"https:\/\/www.badbentheimerkulisse.de\/index.php\/wp-json\/wp\/v2\/media?parent=2209"}],"curies":[{"name":"wp","href":"https:\/\/api.w.org\/{rel}","templated":true}]}}