{"id":2198,"date":"2024-06-13T13:09:44","date_gmt":"2024-06-13T11:09:44","guid":{"rendered":"https:\/\/www.badbentheimerkulisse.de\/?page_id=2198"},"modified":"2024-06-30T22:15:29","modified_gmt":"2024-06-30T20:15:29","slug":"loriot-2022-2023","status":"publish","type":"page","link":"https:\/\/www.badbentheimerkulisse.de\/index.php\/loriot-2022-2023\/","title":{"rendered":"Loriot 2022\/2023"},"content":{"rendered":"\t\t<div data-elementor-type=\"wp-page\" data-elementor-id=\"2198\" class=\"elementor elementor-2198\">\n\t\t\t\t\t\t<section class=\"elementor-section elementor-top-section elementor-element elementor-element-bb9aca2 elementor-section-boxed elementor-section-height-default elementor-section-height-default\" data-id=\"bb9aca2\" data-element_type=\"section\" data-e-type=\"section\">\n\t\t\t\t\t\t<div class=\"elementor-container elementor-column-gap-default\">\n\t\t\t\t\t<div class=\"elementor-column elementor-col-50 elementor-top-column elementor-element elementor-element-d086432\" data-id=\"d086432\" data-element_type=\"column\" data-e-type=\"column\">\n\t\t\t<div class=\"elementor-widget-wrap elementor-element-populated\">\n\t\t\t\t\t\t<div class=\"elementor-element elementor-element-ec495f6 elementor-widget__width-initial elementor-widget elementor-widget-image\" data-id=\"ec495f6\" data-element_type=\"widget\" data-e-type=\"widget\" data-widget_type=\"image.default\">\n\t\t\t\t<div class=\"elementor-widget-container\">\n\t\t\t\t\t\t\t\t\t\t\t\t\t\t\t<img fetchpriority=\"high\" decoding=\"async\" width=\"721\" height=\"1024\" src=\"https:\/\/www.badbentheimerkulisse.de\/wp-content\/uploads\/2024\/06\/BBK-Best-of-.-Programm-6b-2-721x1024.png\" class=\"attachment-large size-large wp-image-2478\" alt=\"\" srcset=\"https:\/\/www.badbentheimerkulisse.de\/wp-content\/uploads\/2024\/06\/BBK-Best-of-.-Programm-6b-2-721x1024.png 721w, https:\/\/www.badbentheimerkulisse.de\/wp-content\/uploads\/2024\/06\/BBK-Best-of-.-Programm-6b-2-211x300.png 211w, https:\/\/www.badbentheimerkulisse.de\/wp-content\/uploads\/2024\/06\/BBK-Best-of-.-Programm-6b-2-768x1091.png 768w, https:\/\/www.badbentheimerkulisse.de\/wp-content\/uploads\/2024\/06\/BBK-Best-of-.-Programm-6b-2.png 873w\" sizes=\"(max-width: 721px) 100vw, 721px\" \/>\t\t\t\t\t\t\t\t\t\t\t\t\t\t\t<\/div>\n\t\t\t\t<\/div>\n\t\t\t\t\t<\/div>\n\t\t<\/div>\n\t\t\t\t<div class=\"elementor-column elementor-col-50 elementor-top-column elementor-element elementor-element-915986d\" data-id=\"915986d\" data-element_type=\"column\" data-e-type=\"column\">\n\t\t\t<div class=\"elementor-widget-wrap elementor-element-populated\">\n\t\t\t\t\t\t<div class=\"elementor-element elementor-element-a39c934 elementor-widget elementor-widget-text-editor\" data-id=\"a39c934\" data-element_type=\"widget\" data-e-type=\"widget\" data-widget_type=\"text-editor.default\">\n\t\t\t\t<div class=\"elementor-widget-container\">\n\t\t\t\t\t\t\t\t\t<h2><strong>Best of Loriot<\/strong><\/h2><p>Spielzeit 2022\/2023<\/p><p><strong>Regie:<\/strong> Erik Vo\u00df<\/p><p><strong>Regieassistenz:<\/strong> Lara Rosenski<\/p>\t\t\t\t\t\t\t\t<\/div>\n\t\t\t\t<\/div>\n\t\t\t\t<div class=\"elementor-element elementor-element-4cf1131 elementor-widget elementor-widget-text-editor\" data-id=\"4cf1131\" data-element_type=\"widget\" data-e-type=\"widget\" data-widget_type=\"text-editor.default\">\n\t\t\t\t<div class=\"elementor-widget-container\">\n\t\t\t\t\t\t\t\t\t<p><strong>Sketche<\/strong><br \/>An der Opernkasse<br \/>Konzertbesuch<br \/>Feuergeben<br \/>Das Fr\u00fchst\u00fccksei<br \/>Eheberatung<br \/>Die Jodelschule<br \/>Fernsehabend<br \/>Bettenkauf<br \/>Kosakenzipfel<br \/>Inhaltsangabe<br \/>(Die englische Ansage)<br \/>Der Lottogewinner<br \/>Das Filmmonster<br \/>Herrenmoden<br \/>Skat<br \/>Feierabend<br \/>Herren im Bad<br \/>Schmeckt\u2019s<\/p>\t\t\t\t\t\t\t\t<\/div>\n\t\t\t\t<\/div>\n\t\t\t\t\t<\/div>\n\t\t<\/div>\n\t\t\t\t\t<\/div>\n\t\t<\/section>\n\t\t\t\t<section class=\"elementor-section elementor-top-section elementor-element elementor-element-a326b9f elementor-section-boxed elementor-section-height-default elementor-section-height-default\" data-id=\"a326b9f\" data-element_type=\"section\" data-e-type=\"section\">\n\t\t\t\t\t\t<div class=\"elementor-container elementor-column-gap-default\">\n\t\t\t\t\t<div class=\"elementor-column elementor-col-50 elementor-top-column elementor-element elementor-element-da09398\" data-id=\"da09398\" data-element_type=\"column\" data-e-type=\"column\">\n\t\t\t<div class=\"elementor-widget-wrap elementor-element-populated\">\n\t\t\t\t\t\t<div class=\"elementor-element elementor-element-4dd4cee elementor-widget elementor-widget-text-editor\" data-id=\"4dd4cee\" data-element_type=\"widget\" data-e-type=\"widget\" data-widget_type=\"text-editor.default\">\n\t\t\t\t<div class=\"elementor-widget-container\">\n\t\t\t\t\t\t\t\t\t<h1 style=\"text-align: center; color: #444;\">Darsteller\n<\/h1>\n<h6 style=\"text-align: center; color: #444;\">in alphabetischer Reihenfolge\n<\/h6>\t\t\t\t\t\t\t\t<\/div>\n\t\t\t\t<\/div>\n\t\t\t\t<div class=\"elementor-element elementor-element-e3a976e elementor-widget elementor-widget-text-editor\" data-id=\"e3a976e\" data-element_type=\"widget\" data-e-type=\"widget\" data-settings=\"{&quot;_animation&quot;:&quot;none&quot;}\" data-widget_type=\"text-editor.default\">\n\t\t\t\t<div class=\"elementor-widget-container\">\n\t\t\t\t\t\t\t\t\t<div style=\"background-color: #fff; border-radius: 8px; box-shadow: 0 2px 4px rgba(0, 0, 0, 0.1); margin: 10px 0; padding: 10px; transition: transform 0.2s; max-width: 600px; margin-left: auto; margin-right: auto;\"><div style=\"font-size: 1.3em; margin-bottom: 5px; color: #0056b3;\">Antje Arnink<br \/>Heiko Arnink<br \/>Gerlind Bl\u00f6mers<br \/>Gerd Hensen<br \/>Frank Herms<br \/>J\u00fcrgen Iwinski<br \/>Jutta Poker<br \/>Manuela Reinink<br \/>Uta Rosenski<br \/>Tamara Sch\u00f6lling<br \/>Ernst R. Schr\u00f6der<br \/>Margret Winkelmann<br \/>Heribert Zensen<\/div><\/div>\t\t\t\t\t\t\t\t<\/div>\n\t\t\t\t<\/div>\n\t\t\t\t\t<\/div>\n\t\t<\/div>\n\t\t\t\t<div class=\"elementor-column elementor-col-50 elementor-top-column elementor-element elementor-element-6dea846\" data-id=\"6dea846\" data-element_type=\"column\" data-e-type=\"column\">\n\t\t\t<div class=\"elementor-widget-wrap elementor-element-populated\">\n\t\t\t\t\t\t<div class=\"elementor-element elementor-element-1d85a26 elementor-widget elementor-widget-text-editor\" data-id=\"1d85a26\" data-element_type=\"widget\" data-e-type=\"widget\" data-widget_type=\"text-editor.default\">\n\t\t\t\t<div class=\"elementor-widget-container\">\n\t\t\t\t\t\t\t\t\t<h1 style=\"text-align: center; color: #444;\">Hinter den Kulissen<\/h1>\n\t\t\t\t\t\t\t\t<\/div>\n\t\t\t\t<\/div>\n\t\t\t\t<div class=\"elementor-element elementor-element-b71e978 elementor-widget elementor-widget-text-editor\" data-id=\"b71e978\" data-element_type=\"widget\" data-e-type=\"widget\" data-widget_type=\"text-editor.default\">\n\t\t\t\t<div class=\"elementor-widget-container\">\n\t\t\t\t\t\t\t\t\t<div style=\"background-color: #fff; border-radius: 8px; box-shadow: 0 2px 4px rgba(0, 0, 0, 0.1); margin: 10px 0; padding: 10px; transition: transform 0.2s; max-width: 600px; margin-left: auto; margin-right: auto;\"><div style=\"font-size: 1.3em; margin-bottom: 5px; color: #0056b3;\">B\u00fchnenbild<\/div><div style=\"font-size: 1em; color: #555;\">Erik Vo\u00df<\/div><\/div>\t\t\t\t\t\t\t\t<\/div>\n\t\t\t\t<\/div>\n\t\t\t\t<div class=\"elementor-element elementor-element-7b7137a elementor-widget elementor-widget-text-editor\" data-id=\"7b7137a\" data-element_type=\"widget\" data-e-type=\"widget\" data-widget_type=\"text-editor.default\">\n\t\t\t\t<div class=\"elementor-widget-container\">\n\t\t\t\t\t\t\t\t\t<div style=\"background-color: #fff; border-radius: 8px; box-shadow: 0 2px 4px rgba(0, 0, 0, 0.1); margin: 10px 0; padding: 10px; transition: transform 0.2s; max-width: 600px; margin-left: auto; margin-right: auto;\"><div style=\"font-size: 1.3em; margin-bottom: 5px; color: #0056b3;\">B\u00fchnenbau<\/div><div style=\"font-size: 1em; color: #555;\">Carsten Benjack, J\u00f6rg Benjack, Heinrich Kl\u00fcsener, J\u00fcrgen Merkator, Christof Rosenski, Hauke Scheffel, Ensemble<\/div><\/div>\t\t\t\t\t\t\t\t<\/div>\n\t\t\t\t<\/div>\n\t\t\t\t<div class=\"elementor-element elementor-element-7bf67f6 elementor-widget elementor-widget-text-editor\" data-id=\"7bf67f6\" data-element_type=\"widget\" data-e-type=\"widget\" data-widget_type=\"text-editor.default\">\n\t\t\t\t<div class=\"elementor-widget-container\">\n\t\t\t\t\t\t\t\t\t<div style=\"background-color: #fff; border-radius: 8px; box-shadow: 0 2px 4px rgba(0, 0, 0, 0.1); margin: 10px 0; padding: 10px; transition: transform 0.2s; max-width: 600px; margin-left: auto; margin-right: auto;\"><div style=\"font-size: 1.3em; margin-bottom: 5px; color: #0056b3;\">Kost\u00fcme<\/div><div style=\"font-size: 1em; color: #555;\">Ensemble<\/div><\/div>\t\t\t\t\t\t\t\t<\/div>\n\t\t\t\t<\/div>\n\t\t\t\t<div class=\"elementor-element elementor-element-af118d5 elementor-widget elementor-widget-text-editor\" data-id=\"af118d5\" data-element_type=\"widget\" data-e-type=\"widget\" data-widget_type=\"text-editor.default\">\n\t\t\t\t<div class=\"elementor-widget-container\">\n\t\t\t\t\t\t\t\t\t<div style=\"background-color: #fff; border-radius: 8px; box-shadow: 0 2px 4px rgba(0, 0, 0, 0.1); margin: 10px 0; padding: 10px; transition: transform 0.2s; max-width: 600px; margin-left: auto; margin-right: auto;\"><div style=\"font-size: 1.3em; margin-bottom: 5px; color: #0056b3;\">Maske<\/div><div style=\"font-size: 1em; color: #555;\">Gundi Merkator<\/div><\/div>\t\t\t\t\t\t\t\t<\/div>\n\t\t\t\t<\/div>\n\t\t\t\t<div class=\"elementor-element elementor-element-651fcf6 elementor-widget elementor-widget-text-editor\" data-id=\"651fcf6\" data-element_type=\"widget\" data-e-type=\"widget\" data-widget_type=\"text-editor.default\">\n\t\t\t\t<div class=\"elementor-widget-container\">\n\t\t\t\t\t\t\t\t\t<div style=\"background-color: #fff; border-radius: 8px; box-shadow: 0 2px 4px rgba(0, 0, 0, 0.1); margin: 10px 0; padding: 10px; transition: transform 0.2s; max-width: 600px; margin-left: auto; margin-right: auto;\"><div style=\"font-size: 1.3em; margin-bottom: 5px; color: #0056b3;\">Requisiten<\/div><div style=\"font-size: 1em; color: #555;\">Ensemble<\/div><\/div>\t\t\t\t\t\t\t\t<\/div>\n\t\t\t\t<\/div>\n\t\t\t\t<div class=\"elementor-element elementor-element-9ee784a elementor-widget elementor-widget-text-editor\" data-id=\"9ee784a\" data-element_type=\"widget\" data-e-type=\"widget\" data-widget_type=\"text-editor.default\">\n\t\t\t\t<div class=\"elementor-widget-container\">\n\t\t\t\t\t\t\t\t\t<div style=\"background-color: #fff; border-radius: 8px; box-shadow: 0 2px 4px rgba(0, 0, 0, 0.1); margin: 10px 0; padding: 10px; transition: transform 0.2s; max-width: 600px; margin-left: auto; margin-right: auto;\"><div style=\"font-size: 1.3em; margin-bottom: 5px; color: #0056b3;\">B\u00fchnentechnik<\/div><div style=\"font-size: 1em; color: #555;\">Carsten Benjak, Hauke Scheffel<\/div><\/div>\t\t\t\t\t\t\t\t<\/div>\n\t\t\t\t<\/div>\n\t\t\t\t<div class=\"elementor-element elementor-element-c9dbb66 elementor-widget elementor-widget-text-editor\" data-id=\"c9dbb66\" data-element_type=\"widget\" data-e-type=\"widget\" data-widget_type=\"text-editor.default\">\n\t\t\t\t<div class=\"elementor-widget-container\">\n\t\t\t\t\t\t\t\t\t<div style=\"background-color: #fff; border-radius: 8px; box-shadow: 0 2px 4px rgba(0, 0, 0, 0.1); margin: 10px 0; padding: 10px; transition: transform 0.2s; max-width: 600px; margin-left: auto; margin-right: auto;\"><div style=\"font-size: 1.3em; margin-bottom: 5px; color: #0056b3;\">Empfang<\/div><div style=\"font-size: 1em; color: #555;\">Margret Winkelmann<\/div><\/div>\t\t\t\t\t\t\t\t<\/div>\n\t\t\t\t<\/div>\n\t\t\t\t\t<\/div>\n\t\t<\/div>\n\t\t\t\t\t<\/div>\n\t\t<\/section>\n\t\t\t\t<section class=\"elementor-section elementor-top-section elementor-element elementor-element-b702d11 elementor-section-boxed elementor-section-height-default elementor-section-height-default\" data-id=\"b702d11\" data-element_type=\"section\" data-e-type=\"section\">\n\t\t\t\t\t\t<div class=\"elementor-container elementor-column-gap-default\">\n\t\t\t\t\t<div class=\"elementor-column elementor-col-100 elementor-top-column elementor-element elementor-element-50032e5\" data-id=\"50032e5\" data-element_type=\"column\" data-e-type=\"column\">\n\t\t\t<div class=\"elementor-widget-wrap\">\n\t\t\t\t\t\t\t<\/div>\n\t\t<\/div>\n\t\t\t\t\t<\/div>\n\t\t<\/section>\n\t\t\t\t<\/div>\n\t\t","protected":false},"excerpt":{"rendered":"<p>Best of Loriot Spielzeit 2022\/2023 Regie: Erik Vo\u00df Regieassistenz: Lara Rosenski SketcheAn der OpernkasseKonzertbesuchFeuergebenDas Fr\u00fchst\u00fcckseiEheberatungDie JodelschuleFernsehabendBettenkaufKosakenzipfelInhaltsangabe(Die englische Ansage)Der LottogewinnerDas FilmmonsterHerrenmodenSkatFeierabendHerren [&hellip;]<\/p>\n","protected":false},"author":2,"featured_media":0,"parent":0,"menu_order":0,"comment_status":"closed","ping_status":"closed","template":"","meta":{"site-sidebar-layout":"no-sidebar","site-content-layout":"","ast-site-content-layout":"full-width-container","site-content-style":"default","site-sidebar-style":"default","ast-global-header-display":"","ast-banner-title-visibility":"","ast-main-header-display":"","ast-hfb-above-header-display":"","ast-hfb-below-header-display":"","ast-hfb-mobile-header-display":"","site-post-title":"disabled","ast-breadcrumbs-content":"","ast-featured-img":"disabled","footer-sml-layout":"","ast-disable-related-posts":"","theme-transparent-header-meta":"","adv-header-id-meta":"","stick-header-meta":"","header-above-stick-meta":"","header-main-stick-meta":"","header-below-stick-meta":"","astra-migrate-meta-layouts":"default","ast-page-background-enabled":"default","ast-page-background-meta":{"desktop":{"background-color":"var(--ast-global-color-4)","background-image":"","background-repeat":"repeat","background-position":"center center","background-size":"auto","background-attachment":"scroll","background-type":"","background-media":"","overlay-type":"","overlay-color":"","overlay-opacity":"","overlay-gradient":""},"tablet":{"background-color":"","background-image":"","background-repeat":"repeat","background-position":"center center","background-size":"auto","background-attachment":"scroll","background-type":"","background-media":"","overlay-type":"","overlay-color":"","overlay-opacity":"","overlay-gradient":""},"mobile":{"background-color":"","background-image":"","background-repeat":"repeat","background-position":"center center","background-size":"auto","background-attachment":"scroll","background-type":"","background-media":"","overlay-type":"","overlay-color":"","overlay-opacity":"","overlay-gradient":""}},"ast-content-background-meta":{"desktop":{"background-color":"var(--ast-global-color-5)","background-image":"","background-repeat":"repeat","background-position":"center center","background-size":"auto","background-attachment":"scroll","background-type":"","background-media":"","overlay-type":"","overlay-color":"","overlay-opacity":"","overlay-gradient":""},"tablet":{"background-color":"var(--ast-global-color-5)","background-image":"","background-repeat":"repeat","background-position":"center center","background-size":"auto","background-attachment":"scroll","background-type":"","background-media":"","overlay-type":"","overlay-color":"","overlay-opacity":"","overlay-gradient":""},"mobile":{"background-color":"var(--ast-global-color-5)","background-image":"","background-repeat":"repeat","background-position":"center center","background-size":"auto","background-attachment":"scroll","background-type":"","background-media":"","overlay-type":"","overlay-color":"","overlay-opacity":"","overlay-gradient":""}},"footnotes":""},"class_list":["post-2198","page","type-page","status-publish","hentry"],"_links":{"self":[{"href":"https:\/\/www.badbentheimerkulisse.de\/index.php\/wp-json\/wp\/v2\/pages\/2198","targetHints":{"allow":["GET"]}}],"collection":[{"href":"https:\/\/www.badbentheimerkulisse.de\/index.php\/wp-json\/wp\/v2\/pages"}],"about":[{"href":"https:\/\/www.badbentheimerkulisse.de\/index.php\/wp-json\/wp\/v2\/types\/page"}],"author":[{"embeddable":true,"href":"https:\/\/www.badbentheimerkulisse.de\/index.php\/wp-json\/wp\/v2\/users\/2"}],"replies":[{"embeddable":true,"href":"https:\/\/www.badbentheimerkulisse.de\/index.php\/wp-json\/wp\/v2\/comments?post=2198"}],"version-history":[{"count":0,"href":"https:\/\/www.badbentheimerkulisse.de\/index.php\/wp-json\/wp\/v2\/pages\/2198\/revisions"}],"wp:attachment":[{"href":"https:\/\/www.badbentheimerkulisse.de\/index.php\/wp-json\/wp\/v2\/media?parent=2198"}],"curies":[{"name":"wp","href":"https:\/\/api.w.org\/{rel}","templated":true}]}}