{"id":2149,"date":"2024-06-12T20:57:31","date_gmt":"2024-06-12T18:57:31","guid":{"rendered":"https:\/\/www.badbentheimerkulisse.de\/?page_id=2149"},"modified":"2025-09-08T11:29:37","modified_gmt":"2025-09-08T09:29:37","slug":"haeufig-gestellte-fragen","status":"publish","type":"page","link":"https:\/\/www.badbentheimerkulisse.de\/index.php\/haeufig-gestellte-fragen\/","title":{"rendered":"H\u00e4ufig gestellte Fragen"},"content":{"rendered":"\t\t<div data-elementor-type=\"wp-page\" data-elementor-id=\"2149\" class=\"elementor elementor-2149\">\n\t\t\t\t\t\t<section class=\"elementor-section elementor-top-section elementor-element elementor-element-1357032 elementor-section-boxed elementor-section-height-default elementor-section-height-default\" data-id=\"1357032\" data-element_type=\"section\" data-e-type=\"section\">\n\t\t\t\t\t\t<div class=\"elementor-container elementor-column-gap-default\">\n\t\t\t\t\t<div class=\"elementor-column elementor-col-100 elementor-top-column elementor-element elementor-element-0e88cfa\" data-id=\"0e88cfa\" data-element_type=\"column\" data-e-type=\"column\">\n\t\t\t<div class=\"elementor-widget-wrap elementor-element-populated\">\n\t\t\t\t\t\t<div class=\"elementor-element elementor-element-4b60808 elementor-widget elementor-widget-accordion\" data-id=\"4b60808\" data-element_type=\"widget\" data-e-type=\"widget\" data-widget_type=\"accordion.default\">\n\t\t\t\t<div class=\"elementor-widget-container\">\n\t\t\t\t\t\t\t<div class=\"elementor-accordion\">\n\t\t\t\t\t\t\t<div class=\"elementor-accordion-item\">\n\t\t\t\t\t<div id=\"elementor-tab-title-7901\" class=\"elementor-tab-title\" data-tab=\"1\" role=\"button\" aria-controls=\"elementor-tab-content-7901\" aria-expanded=\"false\">\n\t\t\t\t\t\t\t\t\t\t\t\t\t<span class=\"elementor-accordion-icon elementor-accordion-icon-left\" aria-hidden=\"true\">\n\t\t\t\t\t\t\t\t\t\t\t\t\t\t\t<span class=\"elementor-accordion-icon-closed\"><i class=\"fas fa-plus\"><\/i><\/span>\n\t\t\t\t\t\t\t\t<span class=\"elementor-accordion-icon-opened\"><i class=\"fas fa-minus\"><\/i><\/span>\n\t\t\t\t\t\t\t\t\t\t\t\t\t\t<\/span>\n\t\t\t\t\t\t\t\t\t\t\t\t<a class=\"elementor-accordion-title\" tabindex=\"0\">Vorverkauf<\/a>\n\t\t\t\t\t<\/div>\n\t\t\t\t\t<div id=\"elementor-tab-content-7901\" class=\"elementor-tab-content elementor-clearfix\" data-tab=\"1\" role=\"region\" aria-labelledby=\"elementor-tab-title-7901\"><p><span style=\"font-style: inherit; font-weight: inherit; color: var( --e-global-color-text ); font-family: var( --e-global-typography-text-font-family ), Sans-serif; background-color: var(--ast-global-color-5);\">Der Vorverkauf findet ausschlie\u00dflich \u00fcber die Touristinformation Bad Bentheim statt.<\/span><\/p><p>Vorverkaufsstart Samstag, 06. September 2025 ab 08.30 Uhr unter <br \/>05922-983312<br \/>05922-983313\u00a0<br \/>und anschlie\u00dfend w\u00e4hrend der \u00d6ffnungszeiten!<\/p><h5>Touristinformation Bad Bentheim<br \/>Schlossstr. 18<br \/>48455 Bad Bentheim<br \/><a href=\"https:\/\/www.badbentheim.de\/sehenswertes-kultur\/bentheimer-kulisse\">www.badbentheim.de<\/a><\/h5><\/div>\n\t\t\t\t<\/div>\n\t\t\t\t\t\t\t<div class=\"elementor-accordion-item\">\n\t\t\t\t\t<div id=\"elementor-tab-title-7902\" class=\"elementor-tab-title\" data-tab=\"2\" role=\"button\" aria-controls=\"elementor-tab-content-7902\" aria-expanded=\"false\">\n\t\t\t\t\t\t\t\t\t\t\t\t\t<span class=\"elementor-accordion-icon elementor-accordion-icon-left\" aria-hidden=\"true\">\n\t\t\t\t\t\t\t\t\t\t\t\t\t\t\t<span class=\"elementor-accordion-icon-closed\"><i class=\"fas fa-plus\"><\/i><\/span>\n\t\t\t\t\t\t\t\t<span class=\"elementor-accordion-icon-opened\"><i class=\"fas fa-minus\"><\/i><\/span>\n\t\t\t\t\t\t\t\t\t\t\t\t\t\t<\/span>\n\t\t\t\t\t\t\t\t\t\t\t\t<a class=\"elementor-accordion-title\" tabindex=\"0\">Preise Saison 2025\/2026<\/a>\n\t\t\t\t\t<\/div>\n\t\t\t\t\t<div id=\"elementor-tab-content-7902\" class=\"elementor-tab-content elementor-clearfix\" data-tab=\"2\" role=\"region\" aria-labelledby=\"elementor-tab-title-7902\"><ul>\n  <li>Eintritt VVK: 18,00 \u20ac, erm\u00e4\u00dfigt: 15,00 \u20ac (nur Personen unter 18 Jahre)<\/li>\n  <li>Begleitung einer eingeschr\u00e4nkten Person (mit Nachweis\/Ausweis) = freier Eintritt<\/li>\n  <li>Mobile Kulturbegleitung (MoKu) (mit Nachweis\/Ausweis) = freier Eintritt<\/li>\n  <li>Eintritt Abendkasse: 20,00 \u20ac, erm\u00e4\u00dfigt: 17,00 \u20ac (Personen unter 18 Jahre)<\/li>\n<\/ul><\/div>\n\t\t\t\t<\/div>\n\t\t\t\t\t\t\t<div class=\"elementor-accordion-item\">\n\t\t\t\t\t<div id=\"elementor-tab-title-7903\" class=\"elementor-tab-title\" data-tab=\"3\" role=\"button\" aria-controls=\"elementor-tab-content-7903\" aria-expanded=\"false\">\n\t\t\t\t\t\t\t\t\t\t\t\t\t<span class=\"elementor-accordion-icon elementor-accordion-icon-left\" aria-hidden=\"true\">\n\t\t\t\t\t\t\t\t\t\t\t\t\t\t\t<span class=\"elementor-accordion-icon-closed\"><i class=\"fas fa-plus\"><\/i><\/span>\n\t\t\t\t\t\t\t\t<span class=\"elementor-accordion-icon-opened\"><i class=\"fas fa-minus\"><\/i><\/span>\n\t\t\t\t\t\t\t\t\t\t\t\t\t\t<\/span>\n\t\t\t\t\t\t\t\t\t\t\t\t<a class=\"elementor-accordion-title\" tabindex=\"0\">Bewirtung<\/a>\n\t\t\t\t\t<\/div>\n\t\t\t\t\t<div id=\"elementor-tab-content-7903\" class=\"elementor-tab-content elementor-clearfix\" data-tab=\"3\" role=\"region\" aria-labelledby=\"elementor-tab-title-7903\"><p>Das Team vom Treff 10 freut sich darauf, Sie eine Stunde vor Veranstaltungsbeginn und w\u00e4hrend der Pause an Ihren Tischen zu bewirten.<\/p><\/div>\n\t\t\t\t<\/div>\n\t\t\t\t\t\t\t<div class=\"elementor-accordion-item\">\n\t\t\t\t\t<div id=\"elementor-tab-title-7904\" class=\"elementor-tab-title\" data-tab=\"4\" role=\"button\" aria-controls=\"elementor-tab-content-7904\" aria-expanded=\"false\">\n\t\t\t\t\t\t\t\t\t\t\t\t\t<span class=\"elementor-accordion-icon elementor-accordion-icon-left\" aria-hidden=\"true\">\n\t\t\t\t\t\t\t\t\t\t\t\t\t\t\t<span class=\"elementor-accordion-icon-closed\"><i class=\"fas fa-plus\"><\/i><\/span>\n\t\t\t\t\t\t\t\t<span class=\"elementor-accordion-icon-opened\"><i class=\"fas fa-minus\"><\/i><\/span>\n\t\t\t\t\t\t\t\t\t\t\t\t\t\t<\/span>\n\t\t\t\t\t\t\t\t\t\t\t\t<a class=\"elementor-accordion-title\" tabindex=\"0\">Anfahrt<\/a>\n\t\t\t\t\t<\/div>\n\t\t\t\t\t<div id=\"elementor-tab-content-7904\" class=\"elementor-tab-content elementor-clearfix\" data-tab=\"4\" role=\"region\" aria-labelledby=\"elementor-tab-title-7904\"><p><iframe style=\"border: 0;\" src=\"https:\/\/www.google.com\/maps\/embed?pb=!1m18!1m12!1m3!1d2478.6347613471497!2d7.156129516011155!3d52.30481447977508!2m3!1f0!2f0!3f0!3m2!1i1024!2i768!4f13.1!3m3!1m2!1s0x47b7da3833d3a9a9%3A0xff15d5b1bbf0c178!2sKirchstra%C3%9Fe%2010%2C%2048455%20Bad%20Bentheim%2C%20Germany!5e0!3m2!1sen!2sde!4v1623215788325!5m2!1sen!2sde\" width=\"600\" height=\"450\" allowfullscreen=\"allowfullscreen\"><br \/>\n        <\/iframe><\/p><\/div>\n\t\t\t\t<\/div>\n\t\t\t\t\t\t\t<div class=\"elementor-accordion-item\">\n\t\t\t\t\t<div id=\"elementor-tab-title-7905\" class=\"elementor-tab-title\" data-tab=\"5\" role=\"button\" aria-controls=\"elementor-tab-content-7905\" aria-expanded=\"false\">\n\t\t\t\t\t\t\t\t\t\t\t\t\t<span class=\"elementor-accordion-icon elementor-accordion-icon-left\" aria-hidden=\"true\">\n\t\t\t\t\t\t\t\t\t\t\t\t\t\t\t<span class=\"elementor-accordion-icon-closed\"><i class=\"fas fa-plus\"><\/i><\/span>\n\t\t\t\t\t\t\t\t<span class=\"elementor-accordion-icon-opened\"><i class=\"fas fa-minus\"><\/i><\/span>\n\t\t\t\t\t\t\t\t\t\t\t\t\t\t<\/span>\n\t\t\t\t\t\t\t\t\t\t\t\t<a class=\"elementor-accordion-title\" tabindex=\"0\">Abendkasse<\/a>\n\t\t\t\t\t<\/div>\n\t\t\t\t\t<div id=\"elementor-tab-content-7905\" class=\"elementor-tab-content elementor-clearfix\" data-tab=\"5\" role=\"region\" aria-labelledby=\"elementor-tab-title-7905\"><p>Die Abendkasse \u00f6ffnet jeweils eine Stunde vor Veranstaltungsbeginn<\/p><\/div>\n\t\t\t\t<\/div>\n\t\t\t\t\t\t\t<div class=\"elementor-accordion-item\">\n\t\t\t\t\t<div id=\"elementor-tab-title-7906\" class=\"elementor-tab-title\" data-tab=\"6\" role=\"button\" aria-controls=\"elementor-tab-content-7906\" aria-expanded=\"false\">\n\t\t\t\t\t\t\t\t\t\t\t\t\t<span class=\"elementor-accordion-icon elementor-accordion-icon-left\" aria-hidden=\"true\">\n\t\t\t\t\t\t\t\t\t\t\t\t\t\t\t<span class=\"elementor-accordion-icon-closed\"><i class=\"fas fa-plus\"><\/i><\/span>\n\t\t\t\t\t\t\t\t<span class=\"elementor-accordion-icon-opened\"><i class=\"fas fa-minus\"><\/i><\/span>\n\t\t\t\t\t\t\t\t\t\t\t\t\t\t<\/span>\n\t\t\t\t\t\t\t\t\t\t\t\t<a class=\"elementor-accordion-title\" tabindex=\"0\">Sitzplan<\/a>\n\t\t\t\t\t<\/div>\n\t\t\t\t\t<div id=\"elementor-tab-content-7906\" class=\"elementor-tab-content elementor-clearfix\" data-tab=\"6\" role=\"region\" aria-labelledby=\"elementor-tab-title-7906\"><p><img fetchpriority=\"high\" decoding=\"async\" class=\"alignnone size-full wp-image-2778\" src=\"https:\/\/www.badbentheimerkulisse.de\/wp-content\/uploads\/2025\/07\/kulisse_sitzplan-1.png\" alt=\"\" width=\"748\" height=\"1189\" srcset=\"https:\/\/www.badbentheimerkulisse.de\/wp-content\/uploads\/2025\/07\/kulisse_sitzplan-1.png 748w, https:\/\/www.badbentheimerkulisse.de\/wp-content\/uploads\/2025\/07\/kulisse_sitzplan-1-189x300.png 189w, https:\/\/www.badbentheimerkulisse.de\/wp-content\/uploads\/2025\/07\/kulisse_sitzplan-1-644x1024.png 644w\" sizes=\"(max-width: 748px) 100vw, 748px\" \/><\/p><\/div>\n\t\t\t\t<\/div>\n\t\t\t\t\t\t\t\t\t\t<script type=\"application\/ld+json\">{\"@context\":\"https:\\\/\\\/schema.org\",\"@type\":\"FAQPage\",\"mainEntity\":[{\"@type\":\"Question\",\"name\":\"Vorverkauf\",\"acceptedAnswer\":{\"@type\":\"Answer\",\"text\":\"<p><span style=\\\"font-style: inherit; font-weight: inherit; color: var( --e-global-color-text ); font-family: var( --e-global-typography-text-font-family ), Sans-serif; background-color: var(--ast-global-color-5);\\\">Der Vorverkauf findet ausschlie\\u00dflich \\u00fcber die Touristinformation Bad Bentheim statt.<\\\/span><\\\/p><p>Vorverkaufsstart Samstag, 06. September 2025 ab 08.30 Uhr unter <br \\\/>05922-983312<br \\\/>05922-983313\\u00a0<br \\\/>und anschlie\\u00dfend w\\u00e4hrend der \\u00d6ffnungszeiten!<\\\/p><h5>Touristinformation Bad Bentheim<br \\\/>Schlossstr. 18<br \\\/>48455 Bad Bentheim<br \\\/><a href=\\\"https:\\\/\\\/www.badbentheim.de\\\/sehenswertes-kultur\\\/bentheimer-kulisse\\\">www.badbentheim.de<\\\/a><\\\/h5>\"}},{\"@type\":\"Question\",\"name\":\"Preise Saison 2025\\\/2026\",\"acceptedAnswer\":{\"@type\":\"Answer\",\"text\":\"<ul>\\n  <li>Eintritt VVK: 18,00 \\u20ac, erm\\u00e4\\u00dfigt: 15,00 \\u20ac (nur Personen unter 18 Jahre)<\\\/li>\\n  <li>Begleitung einer eingeschr\\u00e4nkten Person (mit Nachweis\\\/Ausweis) = freier Eintritt<\\\/li>\\n  <li>Mobile Kulturbegleitung (MoKu) (mit Nachweis\\\/Ausweis) = freier Eintritt<\\\/li>\\n  <li>Eintritt Abendkasse: 20,00 \\u20ac, erm\\u00e4\\u00dfigt: 17,00 \\u20ac (Personen unter 18 Jahre)<\\\/li>\\n<\\\/ul>\"}},{\"@type\":\"Question\",\"name\":\"Bewirtung\",\"acceptedAnswer\":{\"@type\":\"Answer\",\"text\":\"<p>Das Team vom Treff 10 freut sich darauf, Sie eine Stunde vor Veranstaltungsbeginn und w\\u00e4hrend der Pause an Ihren Tischen zu bewirten.<\\\/p>\"}},{\"@type\":\"Question\",\"name\":\"Anfahrt\",\"acceptedAnswer\":{\"@type\":\"Answer\",\"text\":\"<p><iframe style=\\\"border: 0;\\\" src=\\\"https:\\\/\\\/www.google.com\\\/maps\\\/embed?pb=!1m18!1m12!1m3!1d2478.6347613471497!2d7.156129516011155!3d52.30481447977508!2m3!1f0!2f0!3f0!3m2!1i1024!2i768!4f13.1!3m3!1m2!1s0x47b7da3833d3a9a9%3A0xff15d5b1bbf0c178!2sKirchstra%C3%9Fe%2010%2C%2048455%20Bad%20Bentheim%2C%20Germany!5e0!3m2!1sen!2sde!4v1623215788325!5m2!1sen!2sde\\\" width=\\\"600\\\" height=\\\"450\\\" allowfullscreen=\\\"allowfullscreen\\\"><br \\\/>\\n        <\\\/iframe><\\\/p>\"}},{\"@type\":\"Question\",\"name\":\"Abendkasse\",\"acceptedAnswer\":{\"@type\":\"Answer\",\"text\":\"<p>Die Abendkasse \\u00f6ffnet jeweils eine Stunde vor Veranstaltungsbeginn<\\\/p>\"}},{\"@type\":\"Question\",\"name\":\"Sitzplan\",\"acceptedAnswer\":{\"@type\":\"Answer\",\"text\":\"<p><img class=\\\"alignnone size-full wp-image-2778\\\" src=\\\"https:\\\/\\\/www.badbentheimerkulisse.de\\\/wp-content\\\/uploads\\\/2025\\\/07\\\/kulisse_sitzplan-1.png\\\" alt=\\\"\\\" width=\\\"748\\\" height=\\\"1189\\\" \\\/><\\\/p>\"}}]}<\/script>\n\t\t\t\t\t<\/div>\n\t\t\t\t\t\t<\/div>\n\t\t\t\t<\/div>\n\t\t\t\t\t<\/div>\n\t\t<\/div>\n\t\t\t\t\t<\/div>\n\t\t<\/section>\n\t\t\t\t<section class=\"elementor-section elementor-top-section elementor-element elementor-element-34b3470 elementor-section-boxed elementor-section-height-default elementor-section-height-default\" data-id=\"34b3470\" data-element_type=\"section\" data-e-type=\"section\">\n\t\t\t\t\t\t<div class=\"elementor-container elementor-column-gap-default\">\n\t\t\t\t\t<div class=\"elementor-column elementor-col-100 elementor-top-column elementor-element elementor-element-8e05f86\" data-id=\"8e05f86\" data-element_type=\"column\" data-e-type=\"column\">\n\t\t\t<div class=\"elementor-widget-wrap elementor-element-populated\">\n\t\t\t\t\t\t<div class=\"elementor-element elementor-element-3c6e5de elementor-widget elementor-widget-html\" data-id=\"3c6e5de\" data-element_type=\"widget\" data-e-type=\"widget\" data-widget_type=\"html.default\">\n\t\t\t\t<div class=\"elementor-widget-container\">\n\t\t\t\t\t<script> \r\njQuery(document).ready(function($) { \r\nvar delay = 100; setTimeout(function() { \r\n$('.elementor-tab-title').removeClass('elementor-active');\r\n $('.elementor-tab-content').css('display', 'none'); }, delay); \r\n}); \r\n<\/script>\t\t\t\t<\/div>\n\t\t\t\t<\/div>\n\t\t\t\t\t<\/div>\n\t\t<\/div>\n\t\t\t\t\t<\/div>\n\t\t<\/section>\n\t\t\t\t<section class=\"elementor-section elementor-top-section elementor-element elementor-element-a3279fc elementor-section-boxed elementor-section-height-default elementor-section-height-default\" data-id=\"a3279fc\" data-element_type=\"section\" data-e-type=\"section\">\n\t\t\t\t\t\t<div class=\"elementor-container elementor-column-gap-default\">\n\t\t\t\t\t<div class=\"elementor-column elementor-col-100 elementor-top-column elementor-element elementor-element-b250ad9\" data-id=\"b250ad9\" data-element_type=\"column\" data-e-type=\"column\">\n\t\t\t<div class=\"elementor-widget-wrap\">\n\t\t\t\t\t\t\t<\/div>\n\t\t<\/div>\n\t\t\t\t\t<\/div>\n\t\t<\/section>\n\t\t\t\t<\/div>\n\t\t","protected":false},"excerpt":{"rendered":"<p>Vorverkauf Der Vorverkauf findet ausschlie\u00dflich \u00fcber die Touristinformation Bad Bentheim statt. Vorverkaufsstart Samstag, 06. September 2025 ab 08.30 Uhr unter [&hellip;]<\/p>\n","protected":false},"author":2,"featured_media":0,"parent":0,"menu_order":0,"comment_status":"closed","ping_status":"closed","template":"","meta":{"site-sidebar-layout":"no-sidebar","site-content-layout":"","ast-site-content-layout":"full-width-container","site-content-style":"default","site-sidebar-style":"default","ast-global-header-display":"","ast-banner-title-visibility":"","ast-main-header-display":"","ast-hfb-above-header-display":"","ast-hfb-below-header-display":"","ast-hfb-mobile-header-display":"","site-post-title":"disabled","ast-breadcrumbs-content":"","ast-featured-img":"disabled","footer-sml-layout":"","ast-disable-related-posts":"","theme-transparent-header-meta":"","adv-header-id-meta":"","stick-header-meta":"","header-above-stick-meta":"","header-main-stick-meta":"","header-below-stick-meta":"","astra-migrate-meta-layouts":"default","ast-page-background-enabled":"default","ast-page-background-meta":{"desktop":{"background-color":"var(--ast-global-color-4)","background-image":"","background-repeat":"repeat","background-position":"center center","background-size":"auto","background-attachment":"scroll","background-type":"","background-media":"","overlay-type":"","overlay-color":"","overlay-opacity":"","overlay-gradient":""},"tablet":{"background-color":"","background-image":"","background-repeat":"repeat","background-position":"center center","background-size":"auto","background-attachment":"scroll","background-type":"","background-media":"","overlay-type":"","overlay-color":"","overlay-opacity":"","overlay-gradient":""},"mobile":{"background-color":"","background-image":"","background-repeat":"repeat","background-position":"center center","background-size":"auto","background-attachment":"scroll","background-type":"","background-media":"","overlay-type":"","overlay-color":"","overlay-opacity":"","overlay-gradient":""}},"ast-content-background-meta":{"desktop":{"background-color":"var(--ast-global-color-5)","background-image":"","background-repeat":"repeat","background-position":"center center","background-size":"auto","background-attachment":"scroll","background-type":"","background-media":"","overlay-type":"","overlay-color":"","overlay-opacity":"","overlay-gradient":""},"tablet":{"background-color":"var(--ast-global-color-5)","background-image":"","background-repeat":"repeat","background-position":"center center","background-size":"auto","background-attachment":"scroll","background-type":"","background-media":"","overlay-type":"","overlay-color":"","overlay-opacity":"","overlay-gradient":""},"mobile":{"background-color":"var(--ast-global-color-5)","background-image":"","background-repeat":"repeat","background-position":"center center","background-size":"auto","background-attachment":"scroll","background-type":"","background-media":"","overlay-type":"","overlay-color":"","overlay-opacity":"","overlay-gradient":""}},"footnotes":""},"class_list":["post-2149","page","type-page","status-publish","hentry"],"_links":{"self":[{"href":"https:\/\/www.badbentheimerkulisse.de\/index.php\/wp-json\/wp\/v2\/pages\/2149","targetHints":{"allow":["GET"]}}],"collection":[{"href":"https:\/\/www.badbentheimerkulisse.de\/index.php\/wp-json\/wp\/v2\/pages"}],"about":[{"href":"https:\/\/www.badbentheimerkulisse.de\/index.php\/wp-json\/wp\/v2\/types\/page"}],"author":[{"embeddable":true,"href":"https:\/\/www.badbentheimerkulisse.de\/index.php\/wp-json\/wp\/v2\/users\/2"}],"replies":[{"embeddable":true,"href":"https:\/\/www.badbentheimerkulisse.de\/index.php\/wp-json\/wp\/v2\/comments?post=2149"}],"version-history":[{"count":3,"href":"https:\/\/www.badbentheimerkulisse.de\/index.php\/wp-json\/wp\/v2\/pages\/2149\/revisions"}],"predecessor-version":[{"id":2803,"href":"https:\/\/www.badbentheimerkulisse.de\/index.php\/wp-json\/wp\/v2\/pages\/2149\/revisions\/2803"}],"wp:attachment":[{"href":"https:\/\/www.badbentheimerkulisse.de\/index.php\/wp-json\/wp\/v2\/media?parent=2149"}],"curies":[{"name":"wp","href":"https:\/\/api.w.org\/{rel}","templated":true}]}}