{"id":2100,"date":"2024-06-12T14:26:54","date_gmt":"2024-06-12T12:26:54","guid":{"rendered":"https:\/\/www.badbentheimerkulisse.de\/?page_id=2100"},"modified":"2025-07-22T14:45:00","modified_gmt":"2025-07-22T12:45:00","slug":"ein-joghurt-fuer-zwei","status":"publish","type":"page","link":"https:\/\/www.badbentheimerkulisse.de\/index.php\/ein-joghurt-fuer-zwei\/","title":{"rendered":"Ein Joghurt f\u00fcr zwei"},"content":{"rendered":"\t\t<div data-elementor-type=\"wp-page\" data-elementor-id=\"2100\" class=\"elementor elementor-2100\">\n\t\t\t\t\t\t<section class=\"elementor-section elementor-top-section elementor-element elementor-element-ba95dac elementor-section-boxed elementor-section-height-default elementor-section-height-default\" data-id=\"ba95dac\" data-element_type=\"section\" data-e-type=\"section\">\n\t\t\t\t\t\t<div class=\"elementor-container elementor-column-gap-default\">\n\t\t\t\t\t<div class=\"elementor-column elementor-col-50 elementor-top-column elementor-element elementor-element-aaa3c08\" data-id=\"aaa3c08\" data-element_type=\"column\" data-e-type=\"column\">\n\t\t\t<div class=\"elementor-widget-wrap elementor-element-populated\">\n\t\t\t\t\t\t<div class=\"elementor-element elementor-element-d9f5fc2 elementor-widget elementor-widget-image\" data-id=\"d9f5fc2\" data-element_type=\"widget\" data-e-type=\"widget\" data-widget_type=\"image.default\">\n\t\t\t\t<div class=\"elementor-widget-container\">\n\t\t\t\t\t\t\t\t\t\t\t\t\t\t\t<img fetchpriority=\"high\" decoding=\"async\" width=\"1001\" height=\"1024\" src=\"https:\/\/www.badbentheimerkulisse.de\/wp-content\/uploads\/2024\/07\/joghurt-fuer-zwei-1001x1024.jpg\" class=\"attachment-large size-large wp-image-2671\" alt=\"\" srcset=\"https:\/\/www.badbentheimerkulisse.de\/wp-content\/uploads\/2024\/07\/joghurt-fuer-zwei-1001x1024.jpg 1001w, https:\/\/www.badbentheimerkulisse.de\/wp-content\/uploads\/2024\/07\/joghurt-fuer-zwei-293x300.jpg 293w, https:\/\/www.badbentheimerkulisse.de\/wp-content\/uploads\/2024\/07\/joghurt-fuer-zwei-768x786.jpg 768w, https:\/\/www.badbentheimerkulisse.de\/wp-content\/uploads\/2024\/07\/joghurt-fuer-zwei-1501x1536.jpg 1501w, https:\/\/www.badbentheimerkulisse.de\/wp-content\/uploads\/2024\/07\/joghurt-fuer-zwei-2002x2048.jpg 2002w\" sizes=\"(max-width: 1001px) 100vw, 1001px\" \/>\t\t\t\t\t\t\t\t\t\t\t\t\t\t\t<\/div>\n\t\t\t\t<\/div>\n\t\t\t\t<div class=\"elementor-element elementor-element-92e5f5f elementor-widget elementor-widget-text-editor\" data-id=\"92e5f5f\" data-element_type=\"widget\" data-e-type=\"widget\" data-widget_type=\"text-editor.default\">\n\t\t\t\t<div class=\"elementor-widget-container\">\n\t\t\t\t\t\t\t\t\t<p><strong>Ein Lustspiel in 5 Bildern von Stanley Price<\/strong><br \/><strong>Regie: Christoph Gottschalch<\/strong><\/p>\t\t\t\t\t\t\t\t<\/div>\n\t\t\t\t<\/div>\n\t\t\t\t<div class=\"elementor-element elementor-element-c00fb5e elementor-widget elementor-widget-text-editor\" data-id=\"c00fb5e\" data-element_type=\"widget\" data-e-type=\"widget\" data-widget_type=\"text-editor.default\">\n\t\t\t\t<div class=\"elementor-widget-container\">\n\t\t\t\t\t\t\t\t\t<p>Amadeus Fischer muss abnehmen!<br \/>Da hilft nur eins: Eine Di\u00e4tklinik.<br \/>Aber leider fehlt es Fischer an Durchhalteverm\u00f6gen; und so entwickelt sich sein Zimmer schnell zur &#8222;Speisekammer de luxe&#8220;. Wunderbar also.<br \/>Aber das Schicksal meint es nicht gut mit Amadeus. Ausgerechnet in seinem Zimmer nistet sich der entflohene Str\u00e4fling Kutte Kaminski ein &#8211; und der hat nicht nur eine Waffe, sondern auch Hunger&#8230;<\/p>\t\t\t\t\t\t\t\t<\/div>\n\t\t\t\t<\/div>\n\t\t\t\t\t<\/div>\n\t\t<\/div>\n\t\t\t\t<div class=\"elementor-column elementor-col-50 elementor-top-column elementor-element elementor-element-a5c6cca\" data-id=\"a5c6cca\" data-element_type=\"column\" data-e-type=\"column\">\n\t\t\t<div class=\"elementor-widget-wrap elementor-element-populated\">\n\t\t\t\t\t\t<div class=\"elementor-element elementor-element-98a8b10 elementor-widget elementor-widget-image\" data-id=\"98a8b10\" data-element_type=\"widget\" data-e-type=\"widget\" data-widget_type=\"image.default\">\n\t\t\t\t<div class=\"elementor-widget-container\">\n\t\t\t\t\t\t\t\t\t\t\t\t\t\t\t<img decoding=\"async\" width=\"622\" height=\"883\" src=\"https:\/\/www.badbentheimerkulisse.de\/wp-content\/uploads\/2025\/07\/joghurtarchiv1.png\" class=\"attachment-large size-large wp-image-2769\" alt=\"\" srcset=\"https:\/\/www.badbentheimerkulisse.de\/wp-content\/uploads\/2025\/07\/joghurtarchiv1.png 622w, https:\/\/www.badbentheimerkulisse.de\/wp-content\/uploads\/2025\/07\/joghurtarchiv1-211x300.png 211w\" sizes=\"(max-width: 622px) 100vw, 622px\" \/>\t\t\t\t\t\t\t\t\t\t\t\t\t\t\t<\/div>\n\t\t\t\t<\/div>\n\t\t\t\t\t<\/div>\n\t\t<\/div>\n\t\t\t\t\t<\/div>\n\t\t<\/section>\n\t\t\t\t<section class=\"elementor-section elementor-top-section elementor-element elementor-element-ef6fa92 elementor-section-boxed elementor-section-height-default elementor-section-height-default\" data-id=\"ef6fa92\" data-element_type=\"section\" data-e-type=\"section\">\n\t\t\t\t\t\t<div class=\"elementor-container elementor-column-gap-default\">\n\t\t\t\t\t<div class=\"elementor-column elementor-col-50 elementor-top-column elementor-element elementor-element-e94baca\" data-id=\"e94baca\" data-element_type=\"column\" data-e-type=\"column\">\n\t\t\t<div class=\"elementor-widget-wrap\">\n\t\t\t\t\t\t\t<\/div>\n\t\t<\/div>\n\t\t\t\t<div class=\"elementor-column elementor-col-50 elementor-top-column elementor-element elementor-element-6572d59\" data-id=\"6572d59\" data-element_type=\"column\" data-e-type=\"column\">\n\t\t\t<div class=\"elementor-widget-wrap\">\n\t\t\t\t\t\t\t<\/div>\n\t\t<\/div>\n\t\t\t\t\t<\/div>\n\t\t<\/section>\n\t\t\t\t<section class=\"elementor-section elementor-top-section elementor-element elementor-element-9b3d420 elementor-section-boxed elementor-section-height-default elementor-section-height-default\" data-id=\"9b3d420\" data-element_type=\"section\" data-e-type=\"section\">\n\t\t\t\t\t\t<div class=\"elementor-container elementor-column-gap-default\">\n\t\t\t\t\t<div class=\"elementor-column elementor-col-50 elementor-top-column elementor-element elementor-element-faa5e11\" data-id=\"faa5e11\" data-element_type=\"column\" data-e-type=\"column\">\n\t\t\t<div class=\"elementor-widget-wrap elementor-element-populated\">\n\t\t\t\t\t\t<div class=\"elementor-element elementor-element-686f6e1 elementor-widget elementor-widget-text-editor\" data-id=\"686f6e1\" data-element_type=\"widget\" data-e-type=\"widget\" data-widget_type=\"text-editor.default\">\n\t\t\t\t<div class=\"elementor-widget-container\">\n\t\t\t\t\t\t\t\t\t<h1 style=\"text-align: center; color: #444;\">Die Figuren und ihre Darsteller<\/h1>\t\t\t\t\t\t\t\t<\/div>\n\t\t\t\t<\/div>\n\t\t\t\t<div class=\"elementor-element elementor-element-e93e1cf elementor-widget elementor-widget-text-editor\" data-id=\"e93e1cf\" data-element_type=\"widget\" data-e-type=\"widget\" data-settings=\"{&quot;_animation&quot;:&quot;none&quot;}\" data-widget_type=\"text-editor.default\">\n\t\t\t\t<div class=\"elementor-widget-container\">\n\t\t\t\t\t\t\t\t\t<div style=\"background-color: #fff; border-radius: 8px; box-shadow: 0 2px 4px rgba(0, 0, 0, 0.1); margin: 10px 0; padding: 10px; transition: transform 0.2s; max-width: 600px; margin-left: auto; margin-right: auto;\"><div style=\"font-size: 1.3em; margin-bottom: 5px; color: #0056b3;\">Lucy Simpson<\/div><div style=\"font-size: 1em; color: #555;\">Uta Rosenski, Tamara Sch\u00f6lling<\/div><\/div>\t\t\t\t\t\t\t\t<\/div>\n\t\t\t\t<\/div>\n\t\t\t\t<div class=\"elementor-element elementor-element-14a58b2 elementor-widget elementor-widget-text-editor\" data-id=\"14a58b2\" data-element_type=\"widget\" data-e-type=\"widget\" data-widget_type=\"text-editor.default\">\n\t\t\t\t<div class=\"elementor-widget-container\">\n\t\t\t\t\t\t\t\t\t<div style=\"background-color: #fff; border-radius: 8px; box-shadow: 0 2px 4px rgba(0, 0, 0, 0.1); margin: 10px 0; padding: 10px; transition: transform 0.2s; max-width: 600px; margin-left: auto; margin-right: auto;\"><div style=\"font-size: 1.3em; margin-bottom: 5px; color: #0056b3;\">Amadeus Fischer<\/div><div style=\"font-size: 1em; color: #555;\">Heiko Arnink<\/div><\/div>\t\t\t\t\t\t\t\t<\/div>\n\t\t\t\t<\/div>\n\t\t\t\t<div class=\"elementor-element elementor-element-b1bc3e9 elementor-widget elementor-widget-text-editor\" data-id=\"b1bc3e9\" data-element_type=\"widget\" data-e-type=\"widget\" data-widget_type=\"text-editor.default\">\n\t\t\t\t<div class=\"elementor-widget-container\">\n\t\t\t\t\t\t\t\t\t<div style=\"background-color: #fff; border-radius: 8px; box-shadow: 0 2px 4px rgba(0, 0, 0, 0.1); margin: 10px 0; padding: 10px; transition: transform 0.2s; max-width: 600px; margin-left: auto; margin-right: auto;\"><div style=\"font-size: 1.3em; margin-bottom: 5px; color: #0056b3;\">Esther Fischer<\/div><div style=\"font-size: 1em; color: #555;\">Antje Arnink, Jutta Poker<\/div><\/div>\t\t\t\t\t\t\t\t<\/div>\n\t\t\t\t<\/div>\n\t\t\t\t<div class=\"elementor-element elementor-element-ca9ecad elementor-widget elementor-widget-text-editor\" data-id=\"ca9ecad\" data-element_type=\"widget\" data-e-type=\"widget\" data-widget_type=\"text-editor.default\">\n\t\t\t\t<div class=\"elementor-widget-container\">\n\t\t\t\t\t\t\t\t\t<div style=\"background-color: #fff; border-radius: 8px; box-shadow: 0 2px 4px rgba(0, 0, 0, 0.1); margin: 10px 0; padding: 10px; transition: transform 0.2s; max-width: 600px; margin-left: auto; margin-right: auto;\"><div style=\"font-size: 1.3em; margin-bottom: 5px; color: #0056b3;\">Herr Manning<\/div><div style=\"font-size: 1em; color: #555;\">Frank Herms, Heinrich Kl\u00fcsener<\/div><\/div>\t\t\t\t\t\t\t\t<\/div>\n\t\t\t\t<\/div>\n\t\t\t\t<div class=\"elementor-element elementor-element-949693d elementor-widget elementor-widget-text-editor\" data-id=\"949693d\" data-element_type=\"widget\" data-e-type=\"widget\" data-widget_type=\"text-editor.default\">\n\t\t\t\t<div class=\"elementor-widget-container\">\n\t\t\t\t\t\t\t\t\t<div style=\"background-color: #fff; border-radius: 8px; box-shadow: 0 2px 4px rgba(0, 0, 0, 0.1); margin: 10px 0; padding: 10px; transition: transform 0.2s; max-width: 600px; margin-left: auto; margin-right: auto;\"><div style=\"font-size: 1.3em; margin-bottom: 5px; color: #0056b3;\">Dr. Schmalkopf<\/div><div style=\"font-size: 1em; color: #555;\">Philipp Schr\u00f6der, Axel Sigwart<\/div><\/div>\t\t\t\t\t\t\t\t<\/div>\n\t\t\t\t<\/div>\n\t\t\t\t<div class=\"elementor-element elementor-element-a7a69bf elementor-widget elementor-widget-text-editor\" data-id=\"a7a69bf\" data-element_type=\"widget\" data-e-type=\"widget\" data-widget_type=\"text-editor.default\">\n\t\t\t\t<div class=\"elementor-widget-container\">\n\t\t\t\t\t\t\t\t\t<div style=\"background-color: #fff; border-radius: 8px; box-shadow: 0 2px 4px rgba(0, 0, 0, 0.1); margin: 10px 0; padding: 10px; transition: transform 0.2s; max-width: 600px; margin-left: auto; margin-right: auto;\"><div style=\"font-size: 1.3em; margin-bottom: 5px; color: #0056b3;\">Schwester Rotraud<\/div><div style=\"font-size: 1em; color: #555;\">Manuela Reinink, Irmgard Schr\u00f6der<\/div><\/div>\t\t\t\t\t\t\t\t<\/div>\n\t\t\t\t<\/div>\n\t\t\t\t<div class=\"elementor-element elementor-element-0c88d27 elementor-widget elementor-widget-text-editor\" data-id=\"0c88d27\" data-element_type=\"widget\" data-e-type=\"widget\" data-widget_type=\"text-editor.default\">\n\t\t\t\t<div class=\"elementor-widget-container\">\n\t\t\t\t\t\t\t\t\t<div style=\"background-color: #fff; border-radius: 8px; box-shadow: 0 2px 4px rgba(0, 0, 0, 0.1); margin: 10px 0; padding: 10px; transition: transform 0.2s; max-width: 600px; margin-left: auto; margin-right: auto;\"><div style=\"font-size: 1.3em; margin-bottom: 5px; color: #0056b3;\">Kutte Kaminski<\/div><div style=\"font-size: 1em; color: #555;\">Ernst R. Schr\u00f6der<\/div><\/div>\t\t\t\t\t\t\t\t<\/div>\n\t\t\t\t<\/div>\n\t\t\t\t<div class=\"elementor-element elementor-element-7835f5f elementor-widget elementor-widget-text-editor\" data-id=\"7835f5f\" data-element_type=\"widget\" data-e-type=\"widget\" data-widget_type=\"text-editor.default\">\n\t\t\t\t<div class=\"elementor-widget-container\">\n\t\t\t\t\t\t\t\t\t<div style=\"background-color: #fff; border-radius: 8px; box-shadow: 0 2px 4px rgba(0, 0, 0, 0.1); margin: 10px 0; padding: 10px; transition: transform 0.2s; max-width: 600px; margin-left: auto; margin-right: auto;\"><div style=\"font-size: 1.3em; margin-bottom: 5px; color: #0056b3;\">Inspektor Kalmus<\/div><div style=\"font-size: 1em; color: #555;\">Devon Reinink, Benedikt Volkery<\/div><\/div>\t\t\t\t\t\t\t\t<\/div>\n\t\t\t\t<\/div>\n\t\t\t\t\t<\/div>\n\t\t<\/div>\n\t\t\t\t<div class=\"elementor-column elementor-col-50 elementor-top-column elementor-element elementor-element-9895ae6\" data-id=\"9895ae6\" data-element_type=\"column\" data-e-type=\"column\">\n\t\t\t<div class=\"elementor-widget-wrap elementor-element-populated\">\n\t\t\t\t\t\t<div class=\"elementor-element elementor-element-b3cd7e4 elementor-widget elementor-widget-text-editor\" data-id=\"b3cd7e4\" data-element_type=\"widget\" data-e-type=\"widget\" data-widget_type=\"text-editor.default\">\n\t\t\t\t<div class=\"elementor-widget-container\">\n\t\t\t\t\t\t\t\t\t<h1 style=\"text-align: center; color: #444;\">Hinter den Kulissen<\/h1>\n\t\t\t\t\t\t\t\t<\/div>\n\t\t\t\t<\/div>\n\t\t\t\t<div class=\"elementor-element elementor-element-1379ba7 elementor-widget elementor-widget-text-editor\" data-id=\"1379ba7\" data-element_type=\"widget\" data-e-type=\"widget\" data-widget_type=\"text-editor.default\">\n\t\t\t\t<div class=\"elementor-widget-container\">\n\t\t\t\t\t\t\t\t\t<div style=\"background-color: #fff; border-radius: 8px; box-shadow: 0 2px 4px rgba(0, 0, 0, 0.1); margin: 10px 0; padding: 10px; transition: transform 0.2s; max-width: 600px; margin-left: auto; margin-right: auto;\"><div style=\"font-size: 1.3em; margin-bottom: 5px; color: #0056b3;\">B\u00fchnenbild<\/div><div style=\"font-size: 1em; color: #555;\">Christoph Gottschalch<\/div><\/div>\t\t\t\t\t\t\t\t<\/div>\n\t\t\t\t<\/div>\n\t\t\t\t<div class=\"elementor-element elementor-element-ca43ccd elementor-widget elementor-widget-text-editor\" data-id=\"ca43ccd\" data-element_type=\"widget\" data-e-type=\"widget\" data-widget_type=\"text-editor.default\">\n\t\t\t\t<div class=\"elementor-widget-container\">\n\t\t\t\t\t\t\t\t\t<div style=\"background-color: #fff; border-radius: 8px; box-shadow: 0 2px 4px rgba(0, 0, 0, 0.1); margin: 10px 0; padding: 10px; transition: transform 0.2s; max-width: 600px; margin-left: auto; margin-right: auto;\"><div style=\"font-size: 1.3em; margin-bottom: 5px; color: #0056b3;\">B\u00fchnenbau<\/div><div style=\"font-size: 1em; color: #555;\">Carsten Benjack, J\u00fcrgen Iwinski, Heinrich Kl\u00fcsener, J\u00fcrgen Merkator, Ensemble<\/div><\/div>\t\t\t\t\t\t\t\t<\/div>\n\t\t\t\t<\/div>\n\t\t\t\t<div class=\"elementor-element elementor-element-e105067 elementor-widget elementor-widget-text-editor\" data-id=\"e105067\" data-element_type=\"widget\" data-e-type=\"widget\" data-widget_type=\"text-editor.default\">\n\t\t\t\t<div class=\"elementor-widget-container\">\n\t\t\t\t\t\t\t\t\t<div style=\"background-color: #fff; border-radius: 8px; box-shadow: 0 2px 4px rgba(0, 0, 0, 0.1); margin: 10px 0; padding: 10px; transition: transform 0.2s; max-width: 600px; margin-left: auto; margin-right: auto;\"><div style=\"font-size: 1.3em; margin-bottom: 5px; color: #0056b3;\">Kost\u00fcme<\/div><div style=\"font-size: 1em; color: #555;\">Ensemble<\/div><\/div>\t\t\t\t\t\t\t\t<\/div>\n\t\t\t\t<\/div>\n\t\t\t\t<div class=\"elementor-element elementor-element-63bf749 elementor-widget elementor-widget-text-editor\" data-id=\"63bf749\" data-element_type=\"widget\" data-e-type=\"widget\" data-widget_type=\"text-editor.default\">\n\t\t\t\t<div class=\"elementor-widget-container\">\n\t\t\t\t\t\t\t\t\t<div style=\"background-color: #fff; border-radius: 8px; box-shadow: 0 2px 4px rgba(0, 0, 0, 0.1); margin: 10px 0; padding: 10px; transition: transform 0.2s; max-width: 600px; margin-left: auto; margin-right: auto;\"><div style=\"font-size: 1.3em; margin-bottom: 5px; color: #0056b3;\">Maske<\/div><div style=\"font-size: 1em; color: #555;\">Gundi Merkator<\/div><\/div>\t\t\t\t\t\t\t\t<\/div>\n\t\t\t\t<\/div>\n\t\t\t\t<div class=\"elementor-element elementor-element-7c75c3f elementor-widget elementor-widget-text-editor\" data-id=\"7c75c3f\" data-element_type=\"widget\" data-e-type=\"widget\" data-widget_type=\"text-editor.default\">\n\t\t\t\t<div class=\"elementor-widget-container\">\n\t\t\t\t\t\t\t\t\t<div style=\"background-color: #fff; border-radius: 8px; box-shadow: 0 2px 4px rgba(0, 0, 0, 0.1); margin: 10px 0; padding: 10px; transition: transform 0.2s; max-width: 600px; margin-left: auto; margin-right: auto;\"><div style=\"font-size: 1.3em; margin-bottom: 5px; color: #0056b3;\">Requisiten<\/div><div style=\"font-size: 1em; color: #555;\">Manuela Reinink, Ensemble<\/div><\/div>\t\t\t\t\t\t\t\t<\/div>\n\t\t\t\t<\/div>\n\t\t\t\t<div class=\"elementor-element elementor-element-55e0fe9 elementor-widget elementor-widget-text-editor\" data-id=\"55e0fe9\" data-element_type=\"widget\" data-e-type=\"widget\" data-widget_type=\"text-editor.default\">\n\t\t\t\t<div class=\"elementor-widget-container\">\n\t\t\t\t\t\t\t\t\t<div style=\"background-color: #fff; border-radius: 8px; box-shadow: 0 2px 4px rgba(0, 0, 0, 0.1); margin: 10px 0; padding: 10px; transition: transform 0.2s; max-width: 600px; margin-left: auto; margin-right: auto;\"><div style=\"font-size: 1.3em; margin-bottom: 5px; color: #0056b3;\">B\u00fchnentechnik<\/div><div style=\"font-size: 1em; color: #555;\">Carsten Benjak, Malte Ka\u00df, Hauke Scheffel<\/div><\/div>\t\t\t\t\t\t\t\t<\/div>\n\t\t\t\t<\/div>\n\t\t\t\t<div class=\"elementor-element elementor-element-f2fc6db elementor-widget elementor-widget-text-editor\" data-id=\"f2fc6db\" data-element_type=\"widget\" data-e-type=\"widget\" data-widget_type=\"text-editor.default\">\n\t\t\t\t<div class=\"elementor-widget-container\">\n\t\t\t\t\t\t\t\t\t<div style=\"background-color: #fff; border-radius: 8px; box-shadow: 0 2px 4px rgba(0, 0, 0, 0.1); margin: 10px 0; padding: 10px; transition: transform 0.2s; max-width: 600px; margin-left: auto; margin-right: auto;\"><div style=\"font-size: 1.3em; margin-bottom: 5px; color: #0056b3;\">Empfang<\/div><div style=\"font-size: 1em; color: #555;\">Margret Winkelmann<\/div><\/div>\t\t\t\t\t\t\t\t<\/div>\n\t\t\t\t<\/div>\n\t\t\t\t\t<\/div>\n\t\t<\/div>\n\t\t\t\t\t<\/div>\n\t\t<\/section>\n\t\t\t\t<\/div>\n\t\t","protected":false},"excerpt":{"rendered":"<p>Ein Lustspiel in 5 Bildern von Stanley PriceRegie: Christoph Gottschalch Amadeus Fischer muss abnehmen!Da hilft nur eins: Eine Di\u00e4tklinik.Aber leider [&hellip;]<\/p>\n","protected":false},"author":1,"featured_media":0,"parent":0,"menu_order":0,"comment_status":"closed","ping_status":"closed","template":"","meta":{"site-sidebar-layout":"no-sidebar","site-content-layout":"","ast-site-content-layout":"full-width-container","site-content-style":"default","site-sidebar-style":"default","ast-global-header-display":"","ast-banner-title-visibility":"","ast-main-header-display":"","ast-hfb-above-header-display":"","ast-hfb-below-header-display":"","ast-hfb-mobile-header-display":"","site-post-title":"disabled","ast-breadcrumbs-content":"","ast-featured-img":"disabled","footer-sml-layout":"","ast-disable-related-posts":"","theme-transparent-header-meta":"","adv-header-id-meta":"","stick-header-meta":"","header-above-stick-meta":"","header-main-stick-meta":"","header-below-stick-meta":"","astra-migrate-meta-layouts":"default","ast-page-background-enabled":"default","ast-page-background-meta":{"desktop":{"background-color":"var(--ast-global-color-4)","background-image":"","background-repeat":"repeat","background-position":"center center","background-size":"auto","background-attachment":"scroll","background-type":"","background-media":"","overlay-type":"","overlay-color":"","overlay-opacity":"","overlay-gradient":""},"tablet":{"background-color":"","background-image":"","background-repeat":"repeat","background-position":"center center","background-size":"auto","background-attachment":"scroll","background-type":"","background-media":"","overlay-type":"","overlay-color":"","overlay-opacity":"","overlay-gradient":""},"mobile":{"background-color":"","background-image":"","background-repeat":"repeat","background-position":"center center","background-size":"auto","background-attachment":"scroll","background-type":"","background-media":"","overlay-type":"","overlay-color":"","overlay-opacity":"","overlay-gradient":""}},"ast-content-background-meta":{"desktop":{"background-color":"var(--ast-global-color-5)","background-image":"","background-repeat":"repeat","background-position":"center center","background-size":"auto","background-attachment":"scroll","background-type":"","background-media":"","overlay-type":"","overlay-color":"","overlay-opacity":"","overlay-gradient":""},"tablet":{"background-color":"var(--ast-global-color-5)","background-image":"","background-repeat":"repeat","background-position":"center center","background-size":"auto","background-attachment":"scroll","background-type":"","background-media":"","overlay-type":"","overlay-color":"","overlay-opacity":"","overlay-gradient":""},"mobile":{"background-color":"var(--ast-global-color-5)","background-image":"","background-repeat":"repeat","background-position":"center center","background-size":"auto","background-attachment":"scroll","background-type":"","background-media":"","overlay-type":"","overlay-color":"","overlay-opacity":"","overlay-gradient":""}},"footnotes":""},"class_list":["post-2100","page","type-page","status-publish","hentry"],"_links":{"self":[{"href":"https:\/\/www.badbentheimerkulisse.de\/index.php\/wp-json\/wp\/v2\/pages\/2100","targetHints":{"allow":["GET"]}}],"collection":[{"href":"https:\/\/www.badbentheimerkulisse.de\/index.php\/wp-json\/wp\/v2\/pages"}],"about":[{"href":"https:\/\/www.badbentheimerkulisse.de\/index.php\/wp-json\/wp\/v2\/types\/page"}],"author":[{"embeddable":true,"href":"https:\/\/www.badbentheimerkulisse.de\/index.php\/wp-json\/wp\/v2\/users\/1"}],"replies":[{"embeddable":true,"href":"https:\/\/www.badbentheimerkulisse.de\/index.php\/wp-json\/wp\/v2\/comments?post=2100"}],"version-history":[{"count":0,"href":"https:\/\/www.badbentheimerkulisse.de\/index.php\/wp-json\/wp\/v2\/pages\/2100\/revisions"}],"wp:attachment":[{"href":"https:\/\/www.badbentheimerkulisse.de\/index.php\/wp-json\/wp\/v2\/media?parent=2100"}],"curies":[{"name":"wp","href":"https:\/\/api.w.org\/{rel}","templated":true}]}}